{"id":14091,"date":"2023-10-25T15:34:30","date_gmt":"2023-10-25T14:34:30","guid":{"rendered":"https:\/\/baralivres.ma\/?post_type=product&#038;p=14091"},"modified":"2024-11-28T15:38:23","modified_gmt":"2024-11-28T14:38:23","slug":"britannicus","status":"publish","type":"product","link":"https:\/\/baralivres.ma\/?product=britannicus","title":{"rendered":"Britannicus"},"content":{"rendered":"<p>Racine, souvent consid\u00e9r\u00e9 comme tendre, est-il capable de poison, comme le sugg\u00e8re la l\u00e9gende entourant la \u00ab\u00a0Du Parc\u00a0\u00bb? La r\u00e9ponse est peut-\u00eatre dans Britannicus. La pi\u00e8ce se d\u00e9roule dans une Rome violente, avec un N\u00e9ron encore immature, \u00e0 la fois beau et porteur de sombres desseins. Les conflits familiaux et internes de N\u00e9ron sont le point de d\u00e9part du drame, et \u00e0 travers lui, Racine explore des aspects de lui-m\u00eame et de sa propre dualit\u00e9.<\/p>\n","protected":false},"excerpt":{"rendered":"<p>La pi\u00e8ce \u00ab\u00a0Britannicus\u00a0\u00bb de Racine explore le conflit interne et la dualit\u00e9 humaine, notamment celle de N\u00e9ron.<\/p>\n","protected":false},"featured_media":14097,"comment_status":"open","ping_status":"closed","template":"","meta":{"inline_featured_image":false},"product_cat":[4097,4096],"product_tag":[],"class_list":{"0":"post-14091","1":"product","2":"type-product","3":"status-publish","4":"has-post-thumbnail","6":"product_cat-francais-les_romans_classique","7":"product_cat-les_romans_classique","8":"pa_auteurs-racine-jean","10":"first","11":"instock","12":"shipping-taxable","13":"purchasable","14":"product-type-simple"},"_links":{"self":[{"href":"https:\/\/baralivres.ma\/index.php?rest_route=\/wp\/v2\/product\/14091","targetHints":{"allow":["GET"]}}],"collection":[{"href":"https:\/\/baralivres.ma\/index.php?rest_route=\/wp\/v2\/product"}],"about":[{"href":"https:\/\/baralivres.ma\/index.php?rest_route=\/wp\/v2\/types\/product"}],"replies":[{"embeddable":true,"href":"https:\/\/baralivres.ma\/index.php?rest_route=%2Fwp%2Fv2%2Fcomments&post=14091"}],"version-history":[{"count":1,"href":"https:\/\/baralivres.ma\/index.php?rest_route=\/wp\/v2\/product\/14091\/revisions"}],"predecessor-version":[{"id":14099,"href":"https:\/\/baralivres.ma\/index.php?rest_route=\/wp\/v2\/product\/14091\/revisions\/14099"}],"wp:featuredmedia":[{"embeddable":true,"href":"https:\/\/baralivres.ma\/index.php?rest_route=\/wp\/v2\/media\/14097"}],"wp:attachment":[{"href":"https:\/\/baralivres.ma\/index.php?rest_route=%2Fwp%2Fv2%2Fmedia&parent=14091"}],"wp:term":[{"taxonomy":"product_cat","embeddable":true,"href":"https:\/\/baralivres.ma\/index.php?rest_route=%2Fwp%2Fv2%2Fproduct_cat&post=14091"},{"taxonomy":"product_tag","embeddable":true,"href":"https:\/\/baralivres.ma\/index.php?rest_route=%2Fwp%2Fv2%2Fproduct_tag&post=14091"}],"curies":[{"name":"wp","href":"https:\/\/api.w.org\/{rel}","templated":true}]}}