{"id":14087,"date":"2023-10-25T15:30:28","date_gmt":"2023-10-25T14:30:28","guid":{"rendered":"https:\/\/baralivres.ma\/?post_type=product&#038;p=14087"},"modified":"2024-11-28T15:39:11","modified_gmt":"2024-11-28T14:39:11","slug":"le-jour-ou-jai-appris-a-vivre","status":"publish","type":"product","link":"https:\/\/baralivres.ma\/?product=le-jour-ou-jai-appris-a-vivre","title":{"rendered":"Le jour o\u00f9 j&rsquo;ai appris \u00e0 vivre"},"content":{"rendered":"<p>Imaginez ceci : une promenade dominicale le long des quais de San Francisco, quand soudain, une boh\u00e9mienne vous interpelle pour lire votre avenir en lisant les lignes de votre main. Vous trouvez cela amusant et vous vous pr\u00eatez au jeu. Cependant, son expression se fige soudain, et elle devient p\u00e2le. Ce qu&rsquo;elle s&rsquo;appr\u00eate \u00e0 vous r\u00e9v\u00e9ler est bien loin de ce que vous auriez souhait\u00e9 entendre. \u00c0 partir de ce moment-l\u00e0, tout va changer, et il vous sera impossible de revenir \u00e0 votre routine habituelle.<\/p>\n<p>C&rsquo;est exactement ce qui va se produire pour Jonathan. Apr\u00e8s cette rencontre d\u00e9concertante, il se laissera entra\u00eener dans une aventure qui le conduira \u00e0 une profonde exploration de lui-m\u00eame, marqu\u00e9e par des exp\u00e9riences qui r\u00e9volutionneront sa perception de la vie, \u00e0 la fois de la sienne et de celle qui l&rsquo;entoure&#8230;<\/p>\n","protected":false},"excerpt":{"rendered":"<p>Une pr\u00e9diction bouleverse la vie de Jonathan, le plongeant dans une qu\u00eate de d\u00e9couverte personnelle profonde.<\/p>\n","protected":false},"featured_media":14088,"comment_status":"open","ping_status":"closed","template":"","meta":{"inline_featured_image":false},"product_cat":[3873,143],"product_tag":[],"class_list":{"0":"post-14087","1":"product","2":"type-product","3":"status-publish","4":"has-post-thumbnail","6":"product_cat-roman-en-francais","7":"product_cat-roman","8":"pa_auteurs-raphaelle-giordano-2","10":"first","11":"instock","12":"shipping-taxable","13":"purchasable","14":"product-type-simple"},"_links":{"self":[{"href":"https:\/\/baralivres.ma\/index.php?rest_route=\/wp\/v2\/product\/14087","targetHints":{"allow":["GET"]}}],"collection":[{"href":"https:\/\/baralivres.ma\/index.php?rest_route=\/wp\/v2\/product"}],"about":[{"href":"https:\/\/baralivres.ma\/index.php?rest_route=\/wp\/v2\/types\/product"}],"replies":[{"embeddable":true,"href":"https:\/\/baralivres.ma\/index.php?rest_route=%2Fwp%2Fv2%2Fcomments&post=14087"}],"version-history":[{"count":1,"href":"https:\/\/baralivres.ma\/index.php?rest_route=\/wp\/v2\/product\/14087\/revisions"}],"predecessor-version":[{"id":14092,"href":"https:\/\/baralivres.ma\/index.php?rest_route=\/wp\/v2\/product\/14087\/revisions\/14092"}],"wp:featuredmedia":[{"embeddable":true,"href":"https:\/\/baralivres.ma\/index.php?rest_route=\/wp\/v2\/media\/14088"}],"wp:attachment":[{"href":"https:\/\/baralivres.ma\/index.php?rest_route=%2Fwp%2Fv2%2Fmedia&parent=14087"}],"wp:term":[{"taxonomy":"product_cat","embeddable":true,"href":"https:\/\/baralivres.ma\/index.php?rest_route=%2Fwp%2Fv2%2Fproduct_cat&post=14087"},{"taxonomy":"product_tag","embeddable":true,"href":"https:\/\/baralivres.ma\/index.php?rest_route=%2Fwp%2Fv2%2Fproduct_tag&post=14087"}],"curies":[{"name":"wp","href":"https:\/\/api.w.org\/{rel}","templated":true}]}}