{"id":14081,"date":"2023-10-25T15:28:05","date_gmt":"2023-10-25T14:28:05","guid":{"rendered":"https:\/\/baralivres.ma\/?post_type=product&#038;p=14081"},"modified":"2024-11-28T15:41:35","modified_gmt":"2024-11-28T14:41:35","slug":"pierre-et-jean","status":"publish","type":"product","link":"https:\/\/baralivres.ma\/?product=pierre-et-jean","title":{"rendered":"Pierre et Jean"},"content":{"rendered":"<p>Dans cette nouvelle, Madame Roland garde un secret concernant son fils Jean, issu d&rsquo;une liaison. Apr\u00e8s un h\u00e9ritage, les tensions familiales \u00e9mergent. Une pr\u00e9face majeure pr\u00e9c\u00e8de ce r\u00e9cit, souvent consid\u00e9r\u00e9 comme le chef-d&rsquo;\u0153uvre de Maupassant, o\u00f9 il d\u00e9crit l&rsquo;art du romancier.<\/p>\n","protected":false},"excerpt":{"rendered":"<p>Dans cette nouvelle de Maupassant, Mme Roland cache un lourd secret sur son fils Jean.<\/p>\n","protected":false},"featured_media":14084,"comment_status":"open","ping_status":"closed","template":"","meta":{"inline_featured_image":false},"product_cat":[4097,4096],"product_tag":[],"class_list":{"0":"post-14081","1":"product","2":"type-product","3":"status-publish","4":"has-post-thumbnail","6":"product_cat-francais-les_romans_classique","7":"product_cat-les_romans_classique","8":"pa_auteurs-maupassant-guy-de","10":"first","11":"instock","12":"shipping-taxable","13":"purchasable","14":"product-type-simple"},"_links":{"self":[{"href":"https:\/\/baralivres.ma\/index.php?rest_route=\/wp\/v2\/product\/14081","targetHints":{"allow":["GET"]}}],"collection":[{"href":"https:\/\/baralivres.ma\/index.php?rest_route=\/wp\/v2\/product"}],"about":[{"href":"https:\/\/baralivres.ma\/index.php?rest_route=\/wp\/v2\/types\/product"}],"replies":[{"embeddable":true,"href":"https:\/\/baralivres.ma\/index.php?rest_route=%2Fwp%2Fv2%2Fcomments&post=14081"}],"version-history":[{"count":1,"href":"https:\/\/baralivres.ma\/index.php?rest_route=\/wp\/v2\/product\/14081\/revisions"}],"predecessor-version":[{"id":14085,"href":"https:\/\/baralivres.ma\/index.php?rest_route=\/wp\/v2\/product\/14081\/revisions\/14085"}],"wp:featuredmedia":[{"embeddable":true,"href":"https:\/\/baralivres.ma\/index.php?rest_route=\/wp\/v2\/media\/14084"}],"wp:attachment":[{"href":"https:\/\/baralivres.ma\/index.php?rest_route=%2Fwp%2Fv2%2Fmedia&parent=14081"}],"wp:term":[{"taxonomy":"product_cat","embeddable":true,"href":"https:\/\/baralivres.ma\/index.php?rest_route=%2Fwp%2Fv2%2Fproduct_cat&post=14081"},{"taxonomy":"product_tag","embeddable":true,"href":"https:\/\/baralivres.ma\/index.php?rest_route=%2Fwp%2Fv2%2Fproduct_tag&post=14081"}],"curies":[{"name":"wp","href":"https:\/\/api.w.org\/{rel}","templated":true}]}}