{"id":14080,"date":"2023-10-25T15:29:51","date_gmt":"2023-10-25T14:29:51","guid":{"rendered":"https:\/\/baralivres.ma\/?post_type=product&#038;p=14080"},"modified":"2024-11-28T15:40:11","modified_gmt":"2024-11-28T14:40:11","slug":"les-mille-et-une-nuits-tome-2","status":"publish","type":"product","link":"https:\/\/baralivres.ma\/?product=les-mille-et-une-nuits-tome-2","title":{"rendered":"Les mille et une nuits &#8211; Tome 2"},"content":{"rendered":"<p>Le Royaume de Perse est en p\u00e9ril : le sultan Schahriar, troubl\u00e9 par l&rsquo;infid\u00e9lit\u00e9 de sa femme, prend chaque nuit une nouvelle \u00e9pouse qu&rsquo;il condamne \u00e0 mort au matin. Sheherazade retarde son tr\u00e9pas en captivant son attention avec des contes extraordinaires jusqu&rsquo;\u00e0 l&rsquo;aube<\/p>\n","protected":false},"excerpt":{"rendered":"<p>Pour \u00e9viter la mort, Sheherazade raconte des r\u00e9cits envo\u00fbtants au sultan Schahriar chaque nuit.<\/p>\n","protected":false},"featured_media":14089,"comment_status":"open","ping_status":"closed","template":"","meta":{"inline_featured_image":false},"product_cat":[3873,143],"product_tag":[],"class_list":{"0":"post-14080","1":"product","2":"type-product","3":"status-publish","4":"has-post-thumbnail","6":"product_cat-roman-en-francais","7":"product_cat-roman","8":"pa_auteurs-antoine-galland","10":"first","11":"instock","12":"shipping-taxable","13":"purchasable","14":"product-type-simple"},"_links":{"self":[{"href":"https:\/\/baralivres.ma\/index.php?rest_route=\/wp\/v2\/product\/14080","targetHints":{"allow":["GET"]}}],"collection":[{"href":"https:\/\/baralivres.ma\/index.php?rest_route=\/wp\/v2\/product"}],"about":[{"href":"https:\/\/baralivres.ma\/index.php?rest_route=\/wp\/v2\/types\/product"}],"replies":[{"embeddable":true,"href":"https:\/\/baralivres.ma\/index.php?rest_route=%2Fwp%2Fv2%2Fcomments&post=14080"}],"version-history":[{"count":1,"href":"https:\/\/baralivres.ma\/index.php?rest_route=\/wp\/v2\/product\/14080\/revisions"}],"predecessor-version":[{"id":14090,"href":"https:\/\/baralivres.ma\/index.php?rest_route=\/wp\/v2\/product\/14080\/revisions\/14090"}],"wp:featuredmedia":[{"embeddable":true,"href":"https:\/\/baralivres.ma\/index.php?rest_route=\/wp\/v2\/media\/14089"}],"wp:attachment":[{"href":"https:\/\/baralivres.ma\/index.php?rest_route=%2Fwp%2Fv2%2Fmedia&parent=14080"}],"wp:term":[{"taxonomy":"product_cat","embeddable":true,"href":"https:\/\/baralivres.ma\/index.php?rest_route=%2Fwp%2Fv2%2Fproduct_cat&post=14080"},{"taxonomy":"product_tag","embeddable":true,"href":"https:\/\/baralivres.ma\/index.php?rest_route=%2Fwp%2Fv2%2Fproduct_tag&post=14080"}],"curies":[{"name":"wp","href":"https:\/\/api.w.org\/{rel}","templated":true}]}}