{"id":14075,"date":"2023-10-25T15:22:52","date_gmt":"2023-10-25T14:22:52","guid":{"rendered":"https:\/\/baralivres.ma\/?post_type=product&#038;p=14075"},"modified":"2024-11-28T15:44:18","modified_gmt":"2024-11-28T14:44:18","slug":"le-diable-au-corps","status":"publish","type":"product","link":"https:\/\/baralivres.ma\/?product=le-diable-au-corps","title":{"rendered":"Le Diable au corps"},"content":{"rendered":"<p>Apr\u00e8s la Premi\u00e8re Guerre mondiale, Jean Cocteau et Max Jacob d\u00e9couvrent Raymond Radiguet, un prodige litt\u00e9raire. Il d\u00e9c\u00e8de jeune. \u00ab\u00a0Le Diable au corps\u00a0\u00bb, son roman d&rsquo;adolescence, choque par son cynisme et immoralit\u00e9, racontant l&rsquo;amour interdit entre Fran\u00e7ois et Marthe en temps de guerre.<\/p>\n","protected":false},"excerpt":{"rendered":"<p>Le Diable au corps narre une passion scandaleuse entre Fran\u00e7ois et Marthe pendant la Grande Guerre.<\/p>\n","protected":false},"featured_media":14078,"comment_status":"open","ping_status":"closed","template":"","meta":{"inline_featured_image":false},"product_cat":[4097,4096],"product_tag":[],"class_list":{"0":"post-14075","1":"product","2":"type-product","3":"status-publish","4":"has-post-thumbnail","6":"product_cat-francais-les_romans_classique","7":"product_cat-les_romans_classique","8":"pa_auteurs-radiguet-raymond","10":"first","11":"instock","12":"shipping-taxable","13":"purchasable","14":"product-type-simple"},"_links":{"self":[{"href":"https:\/\/baralivres.ma\/index.php?rest_route=\/wp\/v2\/product\/14075","targetHints":{"allow":["GET"]}}],"collection":[{"href":"https:\/\/baralivres.ma\/index.php?rest_route=\/wp\/v2\/product"}],"about":[{"href":"https:\/\/baralivres.ma\/index.php?rest_route=\/wp\/v2\/types\/product"}],"replies":[{"embeddable":true,"href":"https:\/\/baralivres.ma\/index.php?rest_route=%2Fwp%2Fv2%2Fcomments&post=14075"}],"version-history":[{"count":1,"href":"https:\/\/baralivres.ma\/index.php?rest_route=\/wp\/v2\/product\/14075\/revisions"}],"predecessor-version":[{"id":14079,"href":"https:\/\/baralivres.ma\/index.php?rest_route=\/wp\/v2\/product\/14075\/revisions\/14079"}],"wp:featuredmedia":[{"embeddable":true,"href":"https:\/\/baralivres.ma\/index.php?rest_route=\/wp\/v2\/media\/14078"}],"wp:attachment":[{"href":"https:\/\/baralivres.ma\/index.php?rest_route=%2Fwp%2Fv2%2Fmedia&parent=14075"}],"wp:term":[{"taxonomy":"product_cat","embeddable":true,"href":"https:\/\/baralivres.ma\/index.php?rest_route=%2Fwp%2Fv2%2Fproduct_cat&post=14075"},{"taxonomy":"product_tag","embeddable":true,"href":"https:\/\/baralivres.ma\/index.php?rest_route=%2Fwp%2Fv2%2Fproduct_tag&post=14075"}],"curies":[{"name":"wp","href":"https:\/\/api.w.org\/{rel}","templated":true}]}}