{"id":14072,"date":"2023-10-25T15:26:47","date_gmt":"2023-10-25T14:26:47","guid":{"rendered":"https:\/\/baralivres.ma\/?post_type=product&#038;p=14072"},"modified":"2024-11-28T15:42:15","modified_gmt":"2024-11-28T14:42:15","slug":"les-dieux-voyagent-toujours-incognito","status":"publish","type":"product","link":"https:\/\/baralivres.ma\/?product=les-dieux-voyagent-toujours-incognito","title":{"rendered":"Les dieux voyagent toujours incognito"},"content":{"rendered":"<p>Envisagez ceci : vous vous tenez au bord d&rsquo;un ab\u00eeme, pr\u00eat \u00e0 faire face \u00e0 un destin funeste, lorsque soudain, un homme surgit pour vous sauver la vie. Cependant, il pose une condition cruciale : vous devez promettre de lui ob\u00e9ir en toutes choses. Vous acquiescez, vous lan\u00e7ant ainsi dans une aventure extraordinaire o\u00f9 tout semble \u00e9chapper \u00e0 votre contr\u00f4le. Ce n&rsquo;est pas simplement un roman, mais une introspection profonde qui nous encourage \u00e0 reprendre les r\u00eanes de notre propre destin.<\/p>\n","protected":false},"excerpt":{"rendered":"<p>Au bord du pr\u00e9cipice, sauv\u00e9 par un inconnu en \u00e9change d&rsquo;ob\u00e9issance, un voyage \u00e9nigmatique vers le destin.<\/p>\n","protected":false},"featured_media":14082,"comment_status":"open","ping_status":"closed","template":"","meta":{"inline_featured_image":false},"product_cat":[4096,3873,143],"product_tag":[],"class_list":{"0":"post-14072","1":"product","2":"type-product","3":"status-publish","4":"has-post-thumbnail","6":"product_cat-les_romans_classique","7":"product_cat-roman-en-francais","8":"product_cat-roman","9":"pa_auteurs-raphaelle-giordano-2","11":"first","12":"instock","13":"shipping-taxable","14":"purchasable","15":"product-type-simple"},"_links":{"self":[{"href":"https:\/\/baralivres.ma\/index.php?rest_route=\/wp\/v2\/product\/14072","targetHints":{"allow":["GET"]}}],"collection":[{"href":"https:\/\/baralivres.ma\/index.php?rest_route=\/wp\/v2\/product"}],"about":[{"href":"https:\/\/baralivres.ma\/index.php?rest_route=\/wp\/v2\/types\/product"}],"replies":[{"embeddable":true,"href":"https:\/\/baralivres.ma\/index.php?rest_route=%2Fwp%2Fv2%2Fcomments&post=14072"}],"version-history":[{"count":1,"href":"https:\/\/baralivres.ma\/index.php?rest_route=\/wp\/v2\/product\/14072\/revisions"}],"predecessor-version":[{"id":14083,"href":"https:\/\/baralivres.ma\/index.php?rest_route=\/wp\/v2\/product\/14072\/revisions\/14083"}],"wp:featuredmedia":[{"embeddable":true,"href":"https:\/\/baralivres.ma\/index.php?rest_route=\/wp\/v2\/media\/14082"}],"wp:attachment":[{"href":"https:\/\/baralivres.ma\/index.php?rest_route=%2Fwp%2Fv2%2Fmedia&parent=14072"}],"wp:term":[{"taxonomy":"product_cat","embeddable":true,"href":"https:\/\/baralivres.ma\/index.php?rest_route=%2Fwp%2Fv2%2Fproduct_cat&post=14072"},{"taxonomy":"product_tag","embeddable":true,"href":"https:\/\/baralivres.ma\/index.php?rest_route=%2Fwp%2Fv2%2Fproduct_tag&post=14072"}],"curies":[{"name":"wp","href":"https:\/\/api.w.org\/{rel}","templated":true}]}}