{"id":14070,"date":"2023-10-25T15:19:00","date_gmt":"2023-10-25T14:19:00","guid":{"rendered":"https:\/\/baralivres.ma\/?post_type=product&#038;p=14070"},"modified":"2024-10-27T15:47:31","modified_gmt":"2024-10-27T14:47:31","slug":"plonge-avec-moi-tome-2","status":"publish","type":"product","link":"https:\/\/baralivres.ma\/?product=plonge-avec-moi-tome-2","title":{"rendered":"Plonge Avec Moi &#8211; Tome 2"},"content":{"rendered":"<p>Les stigmates de son immersion dans la Confr\u00e9rie et sa relation avec Morgan continuent de hanter Marjorie, compliquant son retour \u00e0 la normale. Les menaces persistent, y compris celles de l&rsquo;Ombre, du Borgne et d&rsquo;un tueur insaisissable, tout en \u00e9tant obs\u00e9d\u00e9e par Morgan.<\/p>\n","protected":false},"excerpt":{"rendered":"<p>Marjorie, marqu\u00e9e par la Confr\u00e9rie et sa relation avec Morgan, lutte pour revenir \u00e0 une vie normale.<\/p>\n","protected":false},"featured_media":14076,"comment_status":"open","ping_status":"closed","template":"","meta":{"inline_featured_image":false},"product_cat":[3873,68,143],"product_tag":[],"class_list":{"0":"post-14070","1":"product","2":"type-product","3":"status-publish","4":"has-post-thumbnail","6":"product_cat-roman-en-francais","7":"product_cat-romance","8":"product_cat-roman","9":"pa_auteurs-oly-tl","11":"first","12":"instock","13":"shipping-taxable","14":"purchasable","15":"product-type-simple"},"_links":{"self":[{"href":"https:\/\/baralivres.ma\/index.php?rest_route=\/wp\/v2\/product\/14070","targetHints":{"allow":["GET"]}}],"collection":[{"href":"https:\/\/baralivres.ma\/index.php?rest_route=\/wp\/v2\/product"}],"about":[{"href":"https:\/\/baralivres.ma\/index.php?rest_route=\/wp\/v2\/types\/product"}],"replies":[{"embeddable":true,"href":"https:\/\/baralivres.ma\/index.php?rest_route=%2Fwp%2Fv2%2Fcomments&post=14070"}],"version-history":[{"count":1,"href":"https:\/\/baralivres.ma\/index.php?rest_route=\/wp\/v2\/product\/14070\/revisions"}],"predecessor-version":[{"id":14077,"href":"https:\/\/baralivres.ma\/index.php?rest_route=\/wp\/v2\/product\/14070\/revisions\/14077"}],"wp:featuredmedia":[{"embeddable":true,"href":"https:\/\/baralivres.ma\/index.php?rest_route=\/wp\/v2\/media\/14076"}],"wp:attachment":[{"href":"https:\/\/baralivres.ma\/index.php?rest_route=%2Fwp%2Fv2%2Fmedia&parent=14070"}],"wp:term":[{"taxonomy":"product_cat","embeddable":true,"href":"https:\/\/baralivres.ma\/index.php?rest_route=%2Fwp%2Fv2%2Fproduct_cat&post=14070"},{"taxonomy":"product_tag","embeddable":true,"href":"https:\/\/baralivres.ma\/index.php?rest_route=%2Fwp%2Fv2%2Fproduct_tag&post=14070"}],"curies":[{"name":"wp","href":"https:\/\/api.w.org\/{rel}","templated":true}]}}