{"id":14068,"date":"2023-10-25T15:18:27","date_gmt":"2023-10-25T14:18:27","guid":{"rendered":"https:\/\/baralivres.ma\/?post_type=product&#038;p=14068"},"modified":"2024-11-28T15:45:15","modified_gmt":"2024-11-28T14:45:15","slug":"le-joueur-dechecs-suivi-de-lettre-dune-inconnue","status":"publish","type":"product","link":"https:\/\/baralivres.ma\/?product=le-joueur-dechecs-suivi-de-lettre-dune-inconnue","title":{"rendered":"Le Joueur d&rsquo;\u00e9checs suivi de Lettre d&rsquo;une inconnue"},"content":{"rendered":"<p>Sur un navire reliant New York \u00e0 Buenos Aires, deux joueurs d&rsquo;\u00e9checs antagonistes se lient dans une partie captivante, qui se transforme en une confession. Une lettre anonyme r\u00e9v\u00e8le une passion de longue date, \u00e9voquant le souvenir d&rsquo;une adolescente silencieuse et amoureuse de l&rsquo;\u00e9crivain.<\/p>\n","protected":false},"excerpt":{"rendered":"<p>Un paquebot, deux joueurs d&rsquo;\u00e9checs oppos\u00e9s, une confession. Une lettre anonyme d\u00e9voile une passion de jeunesse.<\/p>\n","protected":false},"featured_media":14073,"comment_status":"open","ping_status":"closed","template":"","meta":{"inline_featured_image":false},"product_cat":[4097,4096],"product_tag":[],"class_list":{"0":"post-14068","1":"product","2":"type-product","3":"status-publish","4":"has-post-thumbnail","6":"product_cat-francais-les_romans_classique","7":"product_cat-les_romans_classique","8":"pa_auteurs-zweig-stefan","10":"first","11":"instock","12":"shipping-taxable","13":"purchasable","14":"product-type-simple"},"_links":{"self":[{"href":"https:\/\/baralivres.ma\/index.php?rest_route=\/wp\/v2\/product\/14068","targetHints":{"allow":["GET"]}}],"collection":[{"href":"https:\/\/baralivres.ma\/index.php?rest_route=\/wp\/v2\/product"}],"about":[{"href":"https:\/\/baralivres.ma\/index.php?rest_route=\/wp\/v2\/types\/product"}],"replies":[{"embeddable":true,"href":"https:\/\/baralivres.ma\/index.php?rest_route=%2Fwp%2Fv2%2Fcomments&post=14068"}],"version-history":[{"count":1,"href":"https:\/\/baralivres.ma\/index.php?rest_route=\/wp\/v2\/product\/14068\/revisions"}],"predecessor-version":[{"id":14074,"href":"https:\/\/baralivres.ma\/index.php?rest_route=\/wp\/v2\/product\/14068\/revisions\/14074"}],"wp:featuredmedia":[{"embeddable":true,"href":"https:\/\/baralivres.ma\/index.php?rest_route=\/wp\/v2\/media\/14073"}],"wp:attachment":[{"href":"https:\/\/baralivres.ma\/index.php?rest_route=%2Fwp%2Fv2%2Fmedia&parent=14068"}],"wp:term":[{"taxonomy":"product_cat","embeddable":true,"href":"https:\/\/baralivres.ma\/index.php?rest_route=%2Fwp%2Fv2%2Fproduct_cat&post=14068"},{"taxonomy":"product_tag","embeddable":true,"href":"https:\/\/baralivres.ma\/index.php?rest_route=%2Fwp%2Fv2%2Fproduct_tag&post=14068"}],"curies":[{"name":"wp","href":"https:\/\/api.w.org\/{rel}","templated":true}]}}