{"id":14055,"date":"2023-10-25T15:16:59","date_gmt":"2023-10-25T14:16:59","guid":{"rendered":"https:\/\/baralivres.ma\/?post_type=product&#038;p=14055"},"modified":"2023-10-25T15:16:59","modified_gmt":"2023-10-25T14:16:59","slug":"lhomme-qui-voulait-etre-heureux","status":"publish","type":"product","link":"https:\/\/baralivres.ma\/?product=lhomme-qui-voulait-etre-heureux","title":{"rendered":"L&rsquo;homme qui voulait \u00eatre heureux"},"content":{"rendered":"<p>Pensez \u00e0 ceci&#8230;<\/p>\n<p>Vous vous trouvez en vacances \u00e0 Bali, et quelques jours avant votre d\u00e9part, vous d\u00e9cidez de consulter un vieux gu\u00e9risseur, sans motif particulier, si ce n&rsquo;est la curiosit\u00e9 suscit\u00e9e par sa renomm\u00e9e bien \u00e9tablie.<\/p>\n<p>Le diagnostic qu&rsquo;il \u00e9met est sans \u00e9quivoque : vous \u00eates en bonne sant\u00e9 physique, mais il d\u00e9clare que vous ne l&rsquo;\u00eates pas sur le plan \u00e9motionnel, vous n&rsquo;\u00eates pas&#8230; heureux.<\/p>\n<p>Ce sage homme, dot\u00e9 d&rsquo;une sagesse incommensurable, semble poss\u00e9der une connaissance profonde de votre \u00eatre, une compr\u00e9hension qui transcende votre propre perception. Sa perspective unique sur votre existence vous entra\u00eene dans un voyage fascinant : celui de la d\u00e9couverte de vous-m\u00eame. Les exp\u00e9riences qu&rsquo;il vous fait vivre vont bouleverser votre vie en vous offrant les cl\u00e9s pour cr\u00e9er une existence \u00e0 la hauteur de vos r\u00eaves.<\/p>\n","protected":false},"excerpt":{"rendered":"<p>En vacances \u00e0 Bali, un gu\u00e9risseur r\u00e9v\u00e8le \u00e0 un voyageur la cl\u00e9 du bonheur, transformant sa vie.<\/p>\n","protected":false},"featured_media":14056,"comment_status":"open","ping_status":"closed","template":"","meta":{"inline_featured_image":false},"product_cat":[204,143,178],"product_tag":[],"class_list":{"0":"post-14055","1":"product","2":"type-product","3":"status-publish","4":"has-post-thumbnail","6":"product_cat-francais","7":"product_cat-roman","8":"product_cat-contemporain","9":"pa_auteurs-raphaelle-giordano-2","11":"first","12":"instock","13":"shipping-taxable","14":"purchasable","15":"product-type-simple"},"_links":{"self":[{"href":"https:\/\/baralivres.ma\/index.php?rest_route=\/wp\/v2\/product\/14055","targetHints":{"allow":["GET"]}}],"collection":[{"href":"https:\/\/baralivres.ma\/index.php?rest_route=\/wp\/v2\/product"}],"about":[{"href":"https:\/\/baralivres.ma\/index.php?rest_route=\/wp\/v2\/types\/product"}],"replies":[{"embeddable":true,"href":"https:\/\/baralivres.ma\/index.php?rest_route=%2Fwp%2Fv2%2Fcomments&post=14055"}],"version-history":[{"count":1,"href":"https:\/\/baralivres.ma\/index.php?rest_route=\/wp\/v2\/product\/14055\/revisions"}],"predecessor-version":[{"id":14071,"href":"https:\/\/baralivres.ma\/index.php?rest_route=\/wp\/v2\/product\/14055\/revisions\/14071"}],"wp:featuredmedia":[{"embeddable":true,"href":"https:\/\/baralivres.ma\/index.php?rest_route=\/wp\/v2\/media\/14056"}],"wp:attachment":[{"href":"https:\/\/baralivres.ma\/index.php?rest_route=%2Fwp%2Fv2%2Fmedia&parent=14055"}],"wp:term":[{"taxonomy":"product_cat","embeddable":true,"href":"https:\/\/baralivres.ma\/index.php?rest_route=%2Fwp%2Fv2%2Fproduct_cat&post=14055"},{"taxonomy":"product_tag","embeddable":true,"href":"https:\/\/baralivres.ma\/index.php?rest_route=%2Fwp%2Fv2%2Fproduct_tag&post=14055"}],"curies":[{"name":"wp","href":"https:\/\/api.w.org\/{rel}","templated":true}]}}