{"id":14053,"date":"2023-10-25T15:11:10","date_gmt":"2023-10-25T14:11:10","guid":{"rendered":"https:\/\/baralivres.ma\/?post_type=product&#038;p=14053"},"modified":"2023-10-25T15:11:11","modified_gmt":"2023-10-25T14:11:11","slug":"bienvenue-a-gomorrhe","status":"publish","type":"product","link":"https:\/\/baralivres.ma\/?product=bienvenue-a-gomorrhe","title":{"rendered":"Bienvenue \u00e0 Gomorrhe"},"content":{"rendered":"<p>Gomorrhe, un sombre rep\u00e8re du Darknet, attire les \u00e2mes tortur\u00e9es et les criminels du monde entier. Azi, un hackeur bien intentionn\u00e9, est contraint par une myst\u00e9rieuse organisation \u00e0 infiltrer ce march\u00e9 noir. Sa qu\u00eate le m\u00e8nera dans une traque internationale, poursuivi par des ennemis insaisissables.<\/p>\n","protected":false},"excerpt":{"rendered":"<p>Gomorrhe, repaire du Darknet, attire criminels de tous horizons. Azi, hackeur bienveillant, forc\u00e9 d&rsquo;infiltrer ce march\u00e9.<\/p>\n","protected":false},"featured_media":14060,"comment_status":"open","ping_status":"closed","template":"","meta":{"inline_featured_image":false},"product_cat":[204,143],"product_tag":[],"class_list":{"0":"post-14053","1":"product","2":"type-product","3":"status-publish","4":"has-post-thumbnail","6":"product_cat-francais","7":"product_cat-roman","8":"pa_auteurs-tom-chatfield","10":"first","11":"instock","12":"shipping-taxable","13":"purchasable","14":"product-type-simple"},"_links":{"self":[{"href":"https:\/\/baralivres.ma\/index.php?rest_route=\/wp\/v2\/product\/14053","targetHints":{"allow":["GET"]}}],"collection":[{"href":"https:\/\/baralivres.ma\/index.php?rest_route=\/wp\/v2\/product"}],"about":[{"href":"https:\/\/baralivres.ma\/index.php?rest_route=\/wp\/v2\/types\/product"}],"replies":[{"embeddable":true,"href":"https:\/\/baralivres.ma\/index.php?rest_route=%2Fwp%2Fv2%2Fcomments&post=14053"}],"version-history":[{"count":2,"href":"https:\/\/baralivres.ma\/index.php?rest_route=\/wp\/v2\/product\/14053\/revisions"}],"predecessor-version":[{"id":14069,"href":"https:\/\/baralivres.ma\/index.php?rest_route=\/wp\/v2\/product\/14053\/revisions\/14069"}],"wp:featuredmedia":[{"embeddable":true,"href":"https:\/\/baralivres.ma\/index.php?rest_route=\/wp\/v2\/media\/14060"}],"wp:attachment":[{"href":"https:\/\/baralivres.ma\/index.php?rest_route=%2Fwp%2Fv2%2Fmedia&parent=14053"}],"wp:term":[{"taxonomy":"product_cat","embeddable":true,"href":"https:\/\/baralivres.ma\/index.php?rest_route=%2Fwp%2Fv2%2Fproduct_cat&post=14053"},{"taxonomy":"product_tag","embeddable":true,"href":"https:\/\/baralivres.ma\/index.php?rest_route=%2Fwp%2Fv2%2Fproduct_tag&post=14053"}],"curies":[{"name":"wp","href":"https:\/\/api.w.org\/{rel}","templated":true}]}}