{"id":14052,"date":"2023-10-25T14:53:06","date_gmt":"2023-10-25T13:53:06","guid":{"rendered":"https:\/\/baralivres.ma\/?post_type=product&#038;p=14052"},"modified":"2024-11-28T15:47:02","modified_gmt":"2024-11-28T14:47:02","slug":"dom-juan","status":"publish","type":"product","link":"https:\/\/baralivres.ma\/?product=dom-juan","title":{"rendered":"Dom Juan"},"content":{"rendered":"<p>En 1664, Moli\u00e8re choque avec Dom Juan, un personnage impie et ath\u00e9e. Il ridiculise la soci\u00e9t\u00e9 de l&rsquo;\u00e9poque et offre un sujet audacieux. Dom Juan est le diable en personne, blasph\u00e9mant, m\u00e9prisant, et s\u00e9duisant pour humilier. Sganarelle, son valet, est terroris\u00e9 par son insolence. Le g\u00e9nie de Moli\u00e8re continue de nous faire rire et fr\u00e9mir aujourd&rsquo;hui.<\/p>\n","protected":false},"excerpt":{"rendered":"<p>Moli\u00e8re choque en 1664 avec Dom Juan, personnage impie, provocateur, et m\u00e9prisant, offrant une com\u00e9die audacieuse.<\/p>\n","protected":false},"featured_media":14057,"comment_status":"open","ping_status":"closed","template":"","meta":{"inline_featured_image":false},"product_cat":[4097,4096],"product_tag":[],"class_list":{"0":"post-14052","1":"product","2":"type-product","3":"status-publish","4":"has-post-thumbnail","6":"product_cat-francais-les_romans_classique","7":"product_cat-les_romans_classique","8":"pa_auteurs-moliere","10":"first","11":"instock","12":"shipping-taxable","13":"purchasable","14":"product-type-simple"},"_links":{"self":[{"href":"https:\/\/baralivres.ma\/index.php?rest_route=\/wp\/v2\/product\/14052","targetHints":{"allow":["GET"]}}],"collection":[{"href":"https:\/\/baralivres.ma\/index.php?rest_route=\/wp\/v2\/product"}],"about":[{"href":"https:\/\/baralivres.ma\/index.php?rest_route=\/wp\/v2\/types\/product"}],"replies":[{"embeddable":true,"href":"https:\/\/baralivres.ma\/index.php?rest_route=%2Fwp%2Fv2%2Fcomments&post=14052"}],"version-history":[{"count":1,"href":"https:\/\/baralivres.ma\/index.php?rest_route=\/wp\/v2\/product\/14052\/revisions"}],"predecessor-version":[{"id":14058,"href":"https:\/\/baralivres.ma\/index.php?rest_route=\/wp\/v2\/product\/14052\/revisions\/14058"}],"wp:featuredmedia":[{"embeddable":true,"href":"https:\/\/baralivres.ma\/index.php?rest_route=\/wp\/v2\/media\/14057"}],"wp:attachment":[{"href":"https:\/\/baralivres.ma\/index.php?rest_route=%2Fwp%2Fv2%2Fmedia&parent=14052"}],"wp:term":[{"taxonomy":"product_cat","embeddable":true,"href":"https:\/\/baralivres.ma\/index.php?rest_route=%2Fwp%2Fv2%2Fproduct_cat&post=14052"},{"taxonomy":"product_tag","embeddable":true,"href":"https:\/\/baralivres.ma\/index.php?rest_route=%2Fwp%2Fv2%2Fproduct_tag&post=14052"}],"curies":[{"name":"wp","href":"https:\/\/api.w.org\/{rel}","templated":true}]}}