{"id":14046,"date":"2023-10-25T14:48:13","date_gmt":"2023-10-25T13:48:13","guid":{"rendered":"https:\/\/baralivres.ma\/?post_type=product&#038;p=14046"},"modified":"2023-10-25T14:48:14","modified_gmt":"2023-10-25T13:48:14","slug":"le-philosophe-qui-netait-pas-sage","status":"publish","type":"product","link":"https:\/\/baralivres.ma\/?product=le-philosophe-qui-netait-pas-sage","title":{"rendered":"Le philosophe qui n&rsquo;\u00e9tait pas sage"},"content":{"rendered":"<p>Deux destins en opposition, deux visions de la vie radicalement divergentes&#8230;<\/p>\n<p>Dans la chaleur humide du cr\u00e9puscule, la for\u00eat tropicale semblait retenir son souffle. \u00c9lianta, assise devant l&rsquo;entr\u00e9e de sa hutte, observait Sandro s&rsquo;approcher. Elle se demandait pourquoi ce myst\u00e9rieux \u00e9tranger, r\u00e9put\u00e9 \u00eatre un philosophe, s&rsquo;effor\u00e7ait secr\u00e8tement de perturber la paix et l&rsquo;harmonie de sa tribu. Elle ne parvenait plus \u00e0 comprendre les attitudes de ses proches. \u00c0 chaque instant qui passait, la d\u00e9termination d&rsquo;\u00c9lianta \u00e0 prot\u00e9ger son peuple grandissait. Elle \u00e9tait r\u00e9solue \u00e0 ne jamais permettre \u00e0 cet homme de jouer avec le bonheur de sa communaut\u00e9.<\/p>\n<p>Cette histoire satirique nous questionne : notre soci\u00e9t\u00e9 offre-t-elle r\u00e9ellement \u00e0 l&rsquo;individu la possibilit\u00e9 d&rsquo;atteindre le bonheur ?<\/p>\n","protected":false},"excerpt":{"rendered":"<p>Confrontation de deux destins, la for\u00eat tropicale, un philosophe, et la qu\u00eate du bonheur dans la soci\u00e9t\u00e9.<\/p>\n","protected":false},"featured_media":14049,"comment_status":"open","ping_status":"closed","template":"","meta":{"inline_featured_image":false},"product_cat":[204,143,178],"product_tag":[],"class_list":{"0":"post-14046","1":"product","2":"type-product","3":"status-publish","4":"has-post-thumbnail","6":"product_cat-francais","7":"product_cat-roman","8":"product_cat-contemporain","9":"pa_auteurs-raphaelle-giordano-2","11":"first","12":"instock","13":"shipping-taxable","14":"purchasable","15":"product-type-simple"},"_links":{"self":[{"href":"https:\/\/baralivres.ma\/index.php?rest_route=\/wp\/v2\/product\/14046","targetHints":{"allow":["GET"]}}],"collection":[{"href":"https:\/\/baralivres.ma\/index.php?rest_route=\/wp\/v2\/product"}],"about":[{"href":"https:\/\/baralivres.ma\/index.php?rest_route=\/wp\/v2\/types\/product"}],"replies":[{"embeddable":true,"href":"https:\/\/baralivres.ma\/index.php?rest_route=%2Fwp%2Fv2%2Fcomments&post=14046"}],"version-history":[{"count":1,"href":"https:\/\/baralivres.ma\/index.php?rest_route=\/wp\/v2\/product\/14046\/revisions"}],"predecessor-version":[{"id":14054,"href":"https:\/\/baralivres.ma\/index.php?rest_route=\/wp\/v2\/product\/14046\/revisions\/14054"}],"wp:featuredmedia":[{"embeddable":true,"href":"https:\/\/baralivres.ma\/index.php?rest_route=\/wp\/v2\/media\/14049"}],"wp:attachment":[{"href":"https:\/\/baralivres.ma\/index.php?rest_route=%2Fwp%2Fv2%2Fmedia&parent=14046"}],"wp:term":[{"taxonomy":"product_cat","embeddable":true,"href":"https:\/\/baralivres.ma\/index.php?rest_route=%2Fwp%2Fv2%2Fproduct_cat&post=14046"},{"taxonomy":"product_tag","embeddable":true,"href":"https:\/\/baralivres.ma\/index.php?rest_route=%2Fwp%2Fv2%2Fproduct_tag&post=14046"}],"curies":[{"name":"wp","href":"https:\/\/api.w.org\/{rel}","templated":true}]}}