{"id":14045,"date":"2023-10-25T14:46:30","date_gmt":"2023-10-25T13:46:30","guid":{"rendered":"https:\/\/baralivres.ma\/?post_type=product&#038;p=14045"},"modified":"2024-10-27T15:48:45","modified_gmt":"2024-10-27T14:48:45","slug":"adopted-love-tome-01","status":"publish","type":"product","link":"https:\/\/baralivres.ma\/?product=adopted-love-tome-01","title":{"rendered":"Adopted Love &#8211; Tome 01"},"content":{"rendered":"<p>Teagan, un orphelin errant entre foyers et familles d&rsquo;accueil, est un bad boy marqu\u00e9 par la vie. \u00c0 l&rsquo;\u00e2ge de 18 ans, la justice le rattrape, lui offrant une derni\u00e8re chance de r\u00e9demption sous probation. Son destin repose sur une famille d&rsquo;accueil, mais la rencontre avec Elena, la fille a\u00een\u00e9e, pourrait tout compliquer.<\/p>\n","protected":false},"excerpt":{"rendered":"<p>Orphelin Teagan, bad boy, obtient une derni\u00e8re chance sous probation dans une famille d&rsquo;accueil compliqu\u00e9e par Elena.<\/p>\n","protected":false},"featured_media":14050,"comment_status":"open","ping_status":"closed","template":"","meta":{"inline_featured_image":false},"product_cat":[3873,203,204,143],"product_tag":[],"class_list":{"0":"post-14045","1":"product","2":"type-product","3":"status-publish","4":"has-post-thumbnail","6":"product_cat-roman-en-francais","7":"product_cat-adolescente","8":"product_cat-francais","9":"product_cat-roman","10":"pa_auteurs-gaia-alexia","12":"first","13":"instock","14":"shipping-taxable","15":"purchasable","16":"product-type-simple"},"_links":{"self":[{"href":"https:\/\/baralivres.ma\/index.php?rest_route=\/wp\/v2\/product\/14045","targetHints":{"allow":["GET"]}}],"collection":[{"href":"https:\/\/baralivres.ma\/index.php?rest_route=\/wp\/v2\/product"}],"about":[{"href":"https:\/\/baralivres.ma\/index.php?rest_route=\/wp\/v2\/types\/product"}],"replies":[{"embeddable":true,"href":"https:\/\/baralivres.ma\/index.php?rest_route=%2Fwp%2Fv2%2Fcomments&post=14045"}],"version-history":[{"count":1,"href":"https:\/\/baralivres.ma\/index.php?rest_route=\/wp\/v2\/product\/14045\/revisions"}],"predecessor-version":[{"id":14051,"href":"https:\/\/baralivres.ma\/index.php?rest_route=\/wp\/v2\/product\/14045\/revisions\/14051"}],"wp:featuredmedia":[{"embeddable":true,"href":"https:\/\/baralivres.ma\/index.php?rest_route=\/wp\/v2\/media\/14050"}],"wp:attachment":[{"href":"https:\/\/baralivres.ma\/index.php?rest_route=%2Fwp%2Fv2%2Fmedia&parent=14045"}],"wp:term":[{"taxonomy":"product_cat","embeddable":true,"href":"https:\/\/baralivres.ma\/index.php?rest_route=%2Fwp%2Fv2%2Fproduct_cat&post=14045"},{"taxonomy":"product_tag","embeddable":true,"href":"https:\/\/baralivres.ma\/index.php?rest_route=%2Fwp%2Fv2%2Fproduct_tag&post=14045"}],"curies":[{"name":"wp","href":"https:\/\/api.w.org\/{rel}","templated":true}]}}