{"id":14043,"date":"2023-10-25T14:45:20","date_gmt":"2023-10-25T13:45:20","guid":{"rendered":"https:\/\/baralivres.ma\/?post_type=product&#038;p=14043"},"modified":"2024-11-28T15:47:52","modified_gmt":"2024-11-28T14:47:52","slug":"le-medecin-malgre-lui","status":"publish","type":"product","link":"https:\/\/baralivres.ma\/?product=le-medecin-malgre-lui","title":{"rendered":"Le M\u00e9decin malgr\u00e9 lui"},"content":{"rendered":"<p>Sganarelle, paysan rus\u00e9 et paillard, est issu de la tradition m\u00e9di\u00e9vale. Sa femme Martine se venge en le faisant passer pour un m\u00e9decin. Sous la contrainte, Sganarelle tente de gu\u00e9rir une jeune fille qui feint d&rsquo;\u00eatre muette. La pi\u00e8ce explore la puissance de la nature et de l&rsquo;amour comme rem\u00e8des. Une farce transform\u00e9e par Moli\u00e8re en chef-d&rsquo;\u0153uvre \u00e9ternel, m\u00ealant gaiet\u00e9, f\u00e9rocit\u00e9 et g\u00e9nie.<\/p>\n","protected":false},"excerpt":{"rendered":"<p>Sganarelle, paysan rus\u00e9, devient malgr\u00e9 lui un m\u00e9decin imposteur dans cette farce de Moli\u00e8re, riche en finesse.<\/p>\n","protected":false},"featured_media":14047,"comment_status":"open","ping_status":"closed","template":"","meta":{"inline_featured_image":false},"product_cat":[4097,4096],"product_tag":[],"class_list":{"0":"post-14043","1":"product","2":"type-product","3":"status-publish","4":"has-post-thumbnail","6":"product_cat-francais-les_romans_classique","7":"product_cat-les_romans_classique","8":"pa_auteurs-moliere","10":"first","11":"instock","12":"shipping-taxable","13":"purchasable","14":"product-type-simple"},"_links":{"self":[{"href":"https:\/\/baralivres.ma\/index.php?rest_route=\/wp\/v2\/product\/14043","targetHints":{"allow":["GET"]}}],"collection":[{"href":"https:\/\/baralivres.ma\/index.php?rest_route=\/wp\/v2\/product"}],"about":[{"href":"https:\/\/baralivres.ma\/index.php?rest_route=\/wp\/v2\/types\/product"}],"replies":[{"embeddable":true,"href":"https:\/\/baralivres.ma\/index.php?rest_route=%2Fwp%2Fv2%2Fcomments&post=14043"}],"version-history":[{"count":1,"href":"https:\/\/baralivres.ma\/index.php?rest_route=\/wp\/v2\/product\/14043\/revisions"}],"predecessor-version":[{"id":14048,"href":"https:\/\/baralivres.ma\/index.php?rest_route=\/wp\/v2\/product\/14043\/revisions\/14048"}],"wp:featuredmedia":[{"embeddable":true,"href":"https:\/\/baralivres.ma\/index.php?rest_route=\/wp\/v2\/media\/14047"}],"wp:attachment":[{"href":"https:\/\/baralivres.ma\/index.php?rest_route=%2Fwp%2Fv2%2Fmedia&parent=14043"}],"wp:term":[{"taxonomy":"product_cat","embeddable":true,"href":"https:\/\/baralivres.ma\/index.php?rest_route=%2Fwp%2Fv2%2Fproduct_cat&post=14043"},{"taxonomy":"product_tag","embeddable":true,"href":"https:\/\/baralivres.ma\/index.php?rest_route=%2Fwp%2Fv2%2Fproduct_tag&post=14043"}],"curies":[{"name":"wp","href":"https:\/\/api.w.org\/{rel}","templated":true}]}}