{"id":14038,"date":"2023-10-25T14:36:10","date_gmt":"2023-10-25T13:36:10","guid":{"rendered":"https:\/\/baralivres.ma\/?post_type=product&#038;p=14038"},"modified":"2024-11-28T15:48:50","modified_gmt":"2024-11-28T14:48:50","slug":"lecole-des-femmes","status":"publish","type":"product","link":"https:\/\/baralivres.ma\/?product=lecole-des-femmes","title":{"rendered":"L&rsquo;Ecole des femmes"},"content":{"rendered":"<p>\u00c0 40 ans, Moli\u00e8re \u00e9pouse Armande B\u00e9jart, sa plus grande folie. Cette union inspire l&rsquo;une de ses plus belles pi\u00e8ces, L&rsquo;\u00c9cole des femmes. Arnolphe, un homme pitoyable et aveugle, \u00e9voque Moli\u00e8re lui-m\u00eame, amoureux ensorcel\u00e9 par une femme-enfant insensible. La pi\u00e8ce est \u00e0 la fois farce et trag\u00e9die, un conte \u00e9ternel. Arnolphe, se perdant lui-m\u00eame, et Agn\u00e8s, l&rsquo;innocente perverse, demeurent des \u00e9nigmes insolubles.<\/p>\n","protected":false},"excerpt":{"rendered":"<p>Moli\u00e8re \u00e9pouse Armande B\u00e9jart, inspirant \u00ab\u00a0L&rsquo;\u00c9cole des femmes,\u00a0\u00bb o\u00f9 Arnolphe incarne Moli\u00e8re, amoureux d&rsquo;une femme-enfant insensible.<\/p>\n","protected":false},"featured_media":14039,"comment_status":"open","ping_status":"closed","template":"","meta":{"inline_featured_image":false},"product_cat":[4097,4096],"product_tag":[],"class_list":{"0":"post-14038","1":"product","2":"type-product","3":"status-publish","4":"has-post-thumbnail","6":"product_cat-francais-les_romans_classique","7":"product_cat-les_romans_classique","8":"pa_auteurs-moliere","10":"first","11":"instock","12":"shipping-taxable","13":"purchasable","14":"product-type-simple"},"_links":{"self":[{"href":"https:\/\/baralivres.ma\/index.php?rest_route=\/wp\/v2\/product\/14038","targetHints":{"allow":["GET"]}}],"collection":[{"href":"https:\/\/baralivres.ma\/index.php?rest_route=\/wp\/v2\/product"}],"about":[{"href":"https:\/\/baralivres.ma\/index.php?rest_route=\/wp\/v2\/types\/product"}],"replies":[{"embeddable":true,"href":"https:\/\/baralivres.ma\/index.php?rest_route=%2Fwp%2Fv2%2Fcomments&post=14038"}],"version-history":[{"count":1,"href":"https:\/\/baralivres.ma\/index.php?rest_route=\/wp\/v2\/product\/14038\/revisions"}],"predecessor-version":[{"id":14040,"href":"https:\/\/baralivres.ma\/index.php?rest_route=\/wp\/v2\/product\/14038\/revisions\/14040"}],"wp:featuredmedia":[{"embeddable":true,"href":"https:\/\/baralivres.ma\/index.php?rest_route=\/wp\/v2\/media\/14039"}],"wp:attachment":[{"href":"https:\/\/baralivres.ma\/index.php?rest_route=%2Fwp%2Fv2%2Fmedia&parent=14038"}],"wp:term":[{"taxonomy":"product_cat","embeddable":true,"href":"https:\/\/baralivres.ma\/index.php?rest_route=%2Fwp%2Fv2%2Fproduct_cat&post=14038"},{"taxonomy":"product_tag","embeddable":true,"href":"https:\/\/baralivres.ma\/index.php?rest_route=%2Fwp%2Fv2%2Fproduct_tag&post=14038"}],"curies":[{"name":"wp","href":"https:\/\/api.w.org\/{rel}","templated":true}]}}