{"id":14032,"date":"2023-10-25T14:24:14","date_gmt":"2023-10-25T13:24:14","guid":{"rendered":"https:\/\/baralivres.ma\/?post_type=product&#038;p=14032"},"modified":"2024-11-28T15:28:39","modified_gmt":"2024-11-28T14:28:39","slug":"le-malade-imaginaire","status":"publish","type":"product","link":"https:\/\/baralivres.ma\/?product=le-malade-imaginaire","title":{"rendered":"Le Malade imaginaire"},"content":{"rendered":"<p>Moli\u00e8re, \u00e0 51 ans, donne sa derni\u00e8re com\u00e9die, Le Malade imaginaire, en incarnant le r\u00f4le d&rsquo;Argan. Ce bourgeois hypocondriaque veut marier sa fille, Ang\u00e9lique, au m\u00e9decin Thomas Diafoirus. Moli\u00e8re satirise avec puissance et humour la science m\u00e9dicale, offrant un regard sur sa propre agonie. Le Malade imaginaire est un chef-d&rsquo;\u0153uvre m\u00ealant com\u00e9die, musique et danse.<\/p>\n","protected":false},"excerpt":{"rendered":"<p>Moli\u00e8re, dans Le Malade imaginaire, joue Argan, un bourgeois hypocondriaque, satirisant la science m\u00e9dicale, dans sa derni\u00e8re com\u00e9die.<\/p>\n","protected":false},"featured_media":14033,"comment_status":"open","ping_status":"closed","template":"","meta":{"inline_featured_image":false},"product_cat":[4097,4096],"product_tag":[],"class_list":{"0":"post-14032","1":"product","2":"type-product","3":"status-publish","4":"has-post-thumbnail","6":"product_cat-francais-les_romans_classique","7":"product_cat-les_romans_classique","8":"pa_auteurs-moliere","10":"first","11":"instock","12":"shipping-taxable","13":"purchasable","14":"product-type-simple"},"_links":{"self":[{"href":"https:\/\/baralivres.ma\/index.php?rest_route=\/wp\/v2\/product\/14032","targetHints":{"allow":["GET"]}}],"collection":[{"href":"https:\/\/baralivres.ma\/index.php?rest_route=\/wp\/v2\/product"}],"about":[{"href":"https:\/\/baralivres.ma\/index.php?rest_route=\/wp\/v2\/types\/product"}],"replies":[{"embeddable":true,"href":"https:\/\/baralivres.ma\/index.php?rest_route=%2Fwp%2Fv2%2Fcomments&post=14032"}],"version-history":[{"count":1,"href":"https:\/\/baralivres.ma\/index.php?rest_route=\/wp\/v2\/product\/14032\/revisions"}],"predecessor-version":[{"id":14034,"href":"https:\/\/baralivres.ma\/index.php?rest_route=\/wp\/v2\/product\/14032\/revisions\/14034"}],"wp:featuredmedia":[{"embeddable":true,"href":"https:\/\/baralivres.ma\/index.php?rest_route=\/wp\/v2\/media\/14033"}],"wp:attachment":[{"href":"https:\/\/baralivres.ma\/index.php?rest_route=%2Fwp%2Fv2%2Fmedia&parent=14032"}],"wp:term":[{"taxonomy":"product_cat","embeddable":true,"href":"https:\/\/baralivres.ma\/index.php?rest_route=%2Fwp%2Fv2%2Fproduct_cat&post=14032"},{"taxonomy":"product_tag","embeddable":true,"href":"https:\/\/baralivres.ma\/index.php?rest_route=%2Fwp%2Fv2%2Fproduct_tag&post=14032"}],"curies":[{"name":"wp","href":"https:\/\/api.w.org\/{rel}","templated":true}]}}