{"id":14029,"date":"2023-10-25T14:17:48","date_gmt":"2023-10-25T13:17:48","guid":{"rendered":"https:\/\/baralivres.ma\/?post_type=product&#038;p=14029"},"modified":"2024-11-28T15:29:34","modified_gmt":"2024-11-28T14:29:34","slug":"le-bourgeois-gentilhomme","status":"publish","type":"product","link":"https:\/\/baralivres.ma\/?product=le-bourgeois-gentilhomme","title":{"rendered":"Le Bourgeois Gentilhomme"},"content":{"rendered":"<p>Monsieur Jourdain, malheureux, \u00e9gar\u00e9 par sa vanit\u00e9 et son snobisme, est la cible de moqueries. Il se livre \u00e0 des ma\u00eetres d&rsquo;armes, de danse et de philosophie, au grand d\u00e9sespoir de sa femme. Il perturbe son entourage par ses fantaisies, tombe amoureux d&rsquo;une comtesse et rejette un roturier pour sa fille, r\u00eavant de la marier au Grand Turc. Le g\u00e9nie de Moli\u00e8re transforme cette com\u00e9die-ballet en chef-d&rsquo;\u0153uvre, avec Monsieur Jourdain comme figure m\u00e9morable.<\/p>\n","protected":false},"excerpt":{"rendered":"<p>Monsieur Jourdain, riche en vanit\u00e9, snobisme, et absurdes fantaisies, devient une figure m\u00e9morable gr\u00e2ce \u00e0 Moli\u00e8re.<\/p>\n","protected":false},"featured_media":14030,"comment_status":"open","ping_status":"closed","template":"","meta":{"inline_featured_image":false},"product_cat":[4097,4096],"product_tag":[],"class_list":{"0":"post-14029","1":"product","2":"type-product","3":"status-publish","4":"has-post-thumbnail","6":"product_cat-francais-les_romans_classique","7":"product_cat-les_romans_classique","8":"pa_auteurs-moliere","10":"first","11":"instock","12":"shipping-taxable","13":"purchasable","14":"product-type-simple"},"_links":{"self":[{"href":"https:\/\/baralivres.ma\/index.php?rest_route=\/wp\/v2\/product\/14029","targetHints":{"allow":["GET"]}}],"collection":[{"href":"https:\/\/baralivres.ma\/index.php?rest_route=\/wp\/v2\/product"}],"about":[{"href":"https:\/\/baralivres.ma\/index.php?rest_route=\/wp\/v2\/types\/product"}],"replies":[{"embeddable":true,"href":"https:\/\/baralivres.ma\/index.php?rest_route=%2Fwp%2Fv2%2Fcomments&post=14029"}],"version-history":[{"count":1,"href":"https:\/\/baralivres.ma\/index.php?rest_route=\/wp\/v2\/product\/14029\/revisions"}],"predecessor-version":[{"id":14031,"href":"https:\/\/baralivres.ma\/index.php?rest_route=\/wp\/v2\/product\/14029\/revisions\/14031"}],"wp:featuredmedia":[{"embeddable":true,"href":"https:\/\/baralivres.ma\/index.php?rest_route=\/wp\/v2\/media\/14030"}],"wp:attachment":[{"href":"https:\/\/baralivres.ma\/index.php?rest_route=%2Fwp%2Fv2%2Fmedia&parent=14029"}],"wp:term":[{"taxonomy":"product_cat","embeddable":true,"href":"https:\/\/baralivres.ma\/index.php?rest_route=%2Fwp%2Fv2%2Fproduct_cat&post=14029"},{"taxonomy":"product_tag","embeddable":true,"href":"https:\/\/baralivres.ma\/index.php?rest_route=%2Fwp%2Fv2%2Fproduct_tag&post=14029"}],"curies":[{"name":"wp","href":"https:\/\/api.w.org\/{rel}","templated":true}]}}