{"id":14026,"date":"2023-10-25T14:12:44","date_gmt":"2023-10-25T13:12:44","guid":{"rendered":"https:\/\/baralivres.ma\/?post_type=product&#038;p=14026"},"modified":"2024-11-28T15:30:37","modified_gmt":"2024-11-28T14:30:37","slug":"bel-ami","status":"publish","type":"product","link":"https:\/\/baralivres.ma\/?product=bel-ami","title":{"rendered":"Bel-Ami"},"content":{"rendered":"<p>L&rsquo;histoire d&rsquo;une ascension sociale \u00e0 l&rsquo;\u00e9poque de la Belle \u00c9poque. Georges Duroy, sans argent, rencontre Forestier, un ancien camarade de r\u00e9giment, qui lui offre un poste de journaliste \u00e0 la Vie Fran\u00e7aise. Gr\u00e2ce \u00e0 Clotilde de Marelle, il explore une \u00e9ducation sentimentale tr\u00e8s lib\u00e9r\u00e9e. Son charme attire d&rsquo;autres femmes, propulsant sa carri\u00e8re. Surnomm\u00e9 \u00ab\u00a0Bel Ami\u00a0\u00bb par Laurine, il \u00e9pouse Madeleine apr\u00e8s la mort de Forestier et devient l&rsquo;amant de Madame Walter, l&rsquo;\u00e9pouse de son patron. Il obtient le divorce de Madeleine et \u00e9pouse Suzanne, la fille de Madame Walter, devenue riche gr\u00e2ce \u00e0 des sp\u00e9culations boursi\u00e8res. Il finit par devenir riche, c\u00e9l\u00e8bre, d\u00e9put\u00e9 et m\u00eame ministre.<\/p>\n","protected":false},"excerpt":{"rendered":"<div class=\"group final-completion w-full text-token-text-primary border-b border-black\/10 gizmo:border-0 dark:border-gray-900\/50 gizmo:dark:border-0 bg-gray-50 gizmo:bg-transparent dark:bg-[#444654] gizmo:dark:bg-transparent\" data-testid=\"conversation-turn-85\">\n<div class=\"p-4 gizmo:py-2 justify-center text-base md:gap-6 md:py-6 m-auto\">\n<div class=\"flex flex-1 gap-4 text-base mx-auto md:gap-6 gizmo:gap-3 gizmo:md:px-5 gizmo:lg:px-1 gizmo:xl:px-5 md:max-w-2xl lg:max-w-[38rem] gizmo:md:max-w-3xl gizmo:lg:max-w-[40rem] gizmo:xl:max-w-[48rem] xl:max-w-3xl }\">\n<div class=\"relative flex w-[calc(100%-50px)] flex-col gizmo:w-full lg:w-[calc(100%-115px)] agent-turn\">\n<div class=\"flex-col gap-1 md:gap-3\">\n<div class=\"flex flex-grow flex-col gap-3 max-w-full\">\n<div class=\"min-h-[20px] flex flex-col items-start gap-3 whitespace-pre-wrap break-words overflow-x-auto\">\n<div class=\"markdown prose w-full break-words dark:prose-invert light\">\n<p>Georges Duroy, ascension sociale \u00e0 la Belle \u00c9poque, gr\u00e2ce \u00e0 son charme et ses liaisons.<\/p>\n<\/div>\n<\/div>\n<\/div>\n<div class=\"flex justify-between empty:hidden gizmo:justify-start gizmo:gap-3 lg:block gizmo:lg:flex\">\n<div class=\"text-gray-400 flex self-end lg:self-center justify-center gizmo:lg:justify-start mt-2 gizmo:mt-0 visible lg:gap-1 lg:absolute lg:top-0 lg:translate-x-full lg:right-0 lg:mt-0 lg:pl-2 gap-2 md:gap-3\"><button class=\"flex ml-auto gizmo:ml-0 gap-2 items-center rounded-md p-1 text-xs gizmo:gap-1.5 gizmo:pl-0 dark:text-gray-400 dark:hover:bg-gray-700 dark:hover:text-gray-200 disabled:dark:hover:text-gray-400 hover:bg-gray-100 hover:text-gray-700\"><\/button><\/p>\n<div class=\"flex gap-1 gizmo:gap-3\"><\/div>\n<\/div>\n<\/div>\n<\/div>\n<\/div>\n<\/div>\n<\/div>\n<\/div>\n","protected":false},"featured_media":14027,"comment_status":"open","ping_status":"closed","template":"","meta":{"inline_featured_image":false},"product_cat":[4097,4096],"product_tag":[],"class_list":{"0":"post-14026","1":"product","2":"type-product","3":"status-publish","4":"has-post-thumbnail","6":"product_cat-francais-les_romans_classique","7":"product_cat-les_romans_classique","8":"pa_auteurs-maupassant-guy-de","10":"first","11":"instock","12":"shipping-taxable","13":"purchasable","14":"product-type-simple"},"_links":{"self":[{"href":"https:\/\/baralivres.ma\/index.php?rest_route=\/wp\/v2\/product\/14026","targetHints":{"allow":["GET"]}}],"collection":[{"href":"https:\/\/baralivres.ma\/index.php?rest_route=\/wp\/v2\/product"}],"about":[{"href":"https:\/\/baralivres.ma\/index.php?rest_route=\/wp\/v2\/types\/product"}],"replies":[{"embeddable":true,"href":"https:\/\/baralivres.ma\/index.php?rest_route=%2Fwp%2Fv2%2Fcomments&post=14026"}],"version-history":[{"count":1,"href":"https:\/\/baralivres.ma\/index.php?rest_route=\/wp\/v2\/product\/14026\/revisions"}],"predecessor-version":[{"id":14028,"href":"https:\/\/baralivres.ma\/index.php?rest_route=\/wp\/v2\/product\/14026\/revisions\/14028"}],"wp:featuredmedia":[{"embeddable":true,"href":"https:\/\/baralivres.ma\/index.php?rest_route=\/wp\/v2\/media\/14027"}],"wp:attachment":[{"href":"https:\/\/baralivres.ma\/index.php?rest_route=%2Fwp%2Fv2%2Fmedia&parent=14026"}],"wp:term":[{"taxonomy":"product_cat","embeddable":true,"href":"https:\/\/baralivres.ma\/index.php?rest_route=%2Fwp%2Fv2%2Fproduct_cat&post=14026"},{"taxonomy":"product_tag","embeddable":true,"href":"https:\/\/baralivres.ma\/index.php?rest_route=%2Fwp%2Fv2%2Fproduct_tag&post=14026"}],"curies":[{"name":"wp","href":"https:\/\/api.w.org\/{rel}","templated":true}]}}