{"id":14023,"date":"2023-10-25T14:41:15","date_gmt":"2023-10-25T13:41:15","guid":{"rendered":"https:\/\/baralivres.ma\/?post_type=product&#038;p=14023"},"modified":"2023-10-25T14:41:15","modified_gmt":"2023-10-25T13:41:15","slug":"laffaire-pelican","status":"publish","type":"product","link":"https:\/\/baralivres.ma\/?product=laffaire-pelican","title":{"rendered":"L&rsquo;Affaire P\u00e9lican"},"content":{"rendered":"<p>Un bulletin sp\u00e9cial de la NBC choque les \u00c9tats-Unis. Le pr\u00e9sident am\u00e9ricain annonce le d\u00e9c\u00e8s de Jensen et Rosenberg, les deux juges supr\u00eames les plus \u00e9minents, et leur disparition, survenue \u00e0 quelques heures d&rsquo;intervalle, semble \u00eatre bien plus qu&rsquo;une simple co\u00efncidence. Cependant, ni la CIA ni le FBI ne disposent d&rsquo;un point de d\u00e9part solide pour lancer l&rsquo;enqu\u00eate. La seule personne qui parvient \u00e0 \u00e9tablir un lien entre ces deux meurtres est Darby Shaw, une brillante \u00e9tudiante en droit. Avec l&rsquo;aide d&rsquo;un journaliste du Washington Post, elle se lance dans une qu\u00eate p\u00e9rilleuse pour d\u00e9fier un ennemi invisible dot\u00e9 de ressources illimit\u00e9es&#8230;<\/p>\n","protected":false},"excerpt":{"rendered":"<p>Bulletin choquant : d\u00e9c\u00e8s des juges supr\u00eames Jensen et Rosenberg. \u00c9tudiante en droit Darby m\u00e8ne enqu\u00eate dangereuse.<\/p>\n","protected":false},"featured_media":14042,"comment_status":"open","ping_status":"closed","template":"","meta":{"inline_featured_image":false},"product_cat":[204,143,187],"product_tag":[],"class_list":{"0":"post-14023","1":"product","2":"type-product","3":"status-publish","4":"has-post-thumbnail","6":"product_cat-francais","7":"product_cat-roman","8":"product_cat-thriller","9":"pa_auteurs-grisham-john","11":"first","12":"instock","13":"shipping-taxable","14":"purchasable","15":"product-type-simple"},"_links":{"self":[{"href":"https:\/\/baralivres.ma\/index.php?rest_route=\/wp\/v2\/product\/14023","targetHints":{"allow":["GET"]}}],"collection":[{"href":"https:\/\/baralivres.ma\/index.php?rest_route=\/wp\/v2\/product"}],"about":[{"href":"https:\/\/baralivres.ma\/index.php?rest_route=\/wp\/v2\/types\/product"}],"replies":[{"embeddable":true,"href":"https:\/\/baralivres.ma\/index.php?rest_route=%2Fwp%2Fv2%2Fcomments&post=14023"}],"version-history":[{"count":1,"href":"https:\/\/baralivres.ma\/index.php?rest_route=\/wp\/v2\/product\/14023\/revisions"}],"predecessor-version":[{"id":14044,"href":"https:\/\/baralivres.ma\/index.php?rest_route=\/wp\/v2\/product\/14023\/revisions\/14044"}],"wp:featuredmedia":[{"embeddable":true,"href":"https:\/\/baralivres.ma\/index.php?rest_route=\/wp\/v2\/media\/14042"}],"wp:attachment":[{"href":"https:\/\/baralivres.ma\/index.php?rest_route=%2Fwp%2Fv2%2Fmedia&parent=14023"}],"wp:term":[{"taxonomy":"product_cat","embeddable":true,"href":"https:\/\/baralivres.ma\/index.php?rest_route=%2Fwp%2Fv2%2Fproduct_cat&post=14023"},{"taxonomy":"product_tag","embeddable":true,"href":"https:\/\/baralivres.ma\/index.php?rest_route=%2Fwp%2Fv2%2Fproduct_tag&post=14023"}],"curies":[{"name":"wp","href":"https:\/\/api.w.org\/{rel}","templated":true}]}}