{"id":14020,"date":"2023-10-25T13:01:19","date_gmt":"2023-10-25T12:01:19","guid":{"rendered":"https:\/\/baralivres.ma\/?post_type=product&#038;p=14020"},"modified":"2024-11-28T15:31:09","modified_gmt":"2024-11-28T14:31:09","slug":"une-vie","status":"publish","type":"product","link":"https:\/\/baralivres.ma\/?product=une-vie","title":{"rendered":"UNE VIE"},"content":{"rendered":"<p>\u00ab\u00a0La vie n&rsquo;est jamais aussi bonne ni aussi mauvaise qu&rsquo;on l&rsquo;imagine.\u00a0\u00bb Ce mot final, souffl\u00e9 par l&rsquo;ami Flaubert, cl\u00f4ture le tout premier roman de Maupassant, qui provoqua un scandale en 1883.<\/p>\n<p>Jeanne, conduite par son p\u00e8re hors du couvent, d\u00e9couvre le ch\u00e2teau normand o\u00f9 elle vivra, aimera, accouchera et conna\u00eetra un destin \u00e0 la fois ordinaire et exemplaire. Le public de l&rsquo;\u00e9poque, choqu\u00e9 par la vigueur, la crudit\u00e9 et la sinc\u00e9rit\u00e9 intime de l&rsquo;\u0153uvre, n&rsquo;\u00e9tait pas pr\u00e9par\u00e9 \u00e0 une telle audace. Jeanne, un c\u0153ur simple \u00e9gar\u00e9 dans la m\u00e9diocrit\u00e9 et le cynisme de la vie quotidienne, nous touche profond\u00e9ment, \u00e0 l&rsquo;instar de Madame Bovary, sa s\u0153ur spirituelle.<\/p>\n","protected":false},"excerpt":{"rendered":"<p>Le premier roman de Maupassant, C\u0153ur simple, explore la vie avec une sinc\u00e9rit\u00e9 d\u00e9concertante, rappelant Madame Bovary.<\/p>\n","protected":false},"featured_media":14024,"comment_status":"open","ping_status":"closed","template":"","meta":{"inline_featured_image":false},"product_cat":[4097,4096],"product_tag":[],"class_list":{"0":"post-14020","1":"product","2":"type-product","3":"status-publish","4":"has-post-thumbnail","6":"product_cat-francais-les_romans_classique","7":"product_cat-les_romans_classique","8":"pa_auteurs-maupassant-guy-de","10":"first","11":"instock","12":"shipping-taxable","13":"purchasable","14":"product-type-simple"},"_links":{"self":[{"href":"https:\/\/baralivres.ma\/index.php?rest_route=\/wp\/v2\/product\/14020","targetHints":{"allow":["GET"]}}],"collection":[{"href":"https:\/\/baralivres.ma\/index.php?rest_route=\/wp\/v2\/product"}],"about":[{"href":"https:\/\/baralivres.ma\/index.php?rest_route=\/wp\/v2\/types\/product"}],"replies":[{"embeddable":true,"href":"https:\/\/baralivres.ma\/index.php?rest_route=%2Fwp%2Fv2%2Fcomments&post=14020"}],"version-history":[{"count":1,"href":"https:\/\/baralivres.ma\/index.php?rest_route=\/wp\/v2\/product\/14020\/revisions"}],"predecessor-version":[{"id":14025,"href":"https:\/\/baralivres.ma\/index.php?rest_route=\/wp\/v2\/product\/14020\/revisions\/14025"}],"wp:featuredmedia":[{"embeddable":true,"href":"https:\/\/baralivres.ma\/index.php?rest_route=\/wp\/v2\/media\/14024"}],"wp:attachment":[{"href":"https:\/\/baralivres.ma\/index.php?rest_route=%2Fwp%2Fv2%2Fmedia&parent=14020"}],"wp:term":[{"taxonomy":"product_cat","embeddable":true,"href":"https:\/\/baralivres.ma\/index.php?rest_route=%2Fwp%2Fv2%2Fproduct_cat&post=14020"},{"taxonomy":"product_tag","embeddable":true,"href":"https:\/\/baralivres.ma\/index.php?rest_route=%2Fwp%2Fv2%2Fproduct_tag&post=14020"}],"curies":[{"name":"wp","href":"https:\/\/api.w.org\/{rel}","templated":true}]}}