{"id":14014,"date":"2023-10-25T12:51:48","date_gmt":"2023-10-25T11:51:48","guid":{"rendered":"https:\/\/baralivres.ma\/?post_type=product&#038;p=14014"},"modified":"2023-10-25T12:51:49","modified_gmt":"2023-10-25T11:51:49","slug":"lengrenage","status":"publish","type":"product","link":"https:\/\/baralivres.ma\/?product=lengrenage","title":{"rendered":"L&rsquo;Engrenage"},"content":{"rendered":"<p>Trois magistrats&#8230; Trois anciennes personnalit\u00e9s d\u00e9chues&#8230; Trois individus vieillissants clo\u00eetr\u00e9s dans la m\u00eame prison. Leur passe-temps principal consiste \u00e0 r\u00e9diger du courrier. Leur correspondance est volumineuse&#8230; Des lettres inhabituelles, destin\u00e9es \u00e0 des destinataires ayant r\u00e9pondu \u00e0 une annonce discr\u00e8te publi\u00e9e dans un journal orient\u00e9 vers la communaut\u00e9 homosexuelle. Parmi eux se trouve un certain M. Konyers. Les trois juges soup\u00e7onnent en lui quelqu&rsquo;un tourment\u00e9 par des d\u00e9sirs cach\u00e9s, \u00e9duqu\u00e9&#8230; et ais\u00e9 financi\u00e8rement. Cependant, ce qu&rsquo;ils ne savent pas encore, c&rsquo;est que M. Konyers est la personne que la CIA a s\u00e9lectionn\u00e9e pour devenir le futur pr\u00e9sident des \u00c9tats-Unis.<\/p>\n","protected":false},"excerpt":{"rendered":"<p>Trois juges prison, correspondance \u00e9nigmatique, M. Konyers, futur pr\u00e9sident secret de la CIA.<\/p>\n","protected":false},"featured_media":14015,"comment_status":"open","ping_status":"closed","template":"","meta":{"inline_featured_image":false},"product_cat":[204,143,187],"product_tag":[],"class_list":{"0":"post-14014","1":"product","2":"type-product","3":"status-publish","4":"has-post-thumbnail","6":"product_cat-francais","7":"product_cat-roman","8":"product_cat-thriller","9":"pa_auteurs-grisham-john","11":"first","12":"instock","13":"shipping-taxable","14":"purchasable","15":"product-type-simple"},"_links":{"self":[{"href":"https:\/\/baralivres.ma\/index.php?rest_route=\/wp\/v2\/product\/14014","targetHints":{"allow":["GET"]}}],"collection":[{"href":"https:\/\/baralivres.ma\/index.php?rest_route=\/wp\/v2\/product"}],"about":[{"href":"https:\/\/baralivres.ma\/index.php?rest_route=\/wp\/v2\/types\/product"}],"replies":[{"embeddable":true,"href":"https:\/\/baralivres.ma\/index.php?rest_route=%2Fwp%2Fv2%2Fcomments&post=14014"}],"version-history":[{"count":1,"href":"https:\/\/baralivres.ma\/index.php?rest_route=\/wp\/v2\/product\/14014\/revisions"}],"predecessor-version":[{"id":14017,"href":"https:\/\/baralivres.ma\/index.php?rest_route=\/wp\/v2\/product\/14014\/revisions\/14017"}],"wp:featuredmedia":[{"embeddable":true,"href":"https:\/\/baralivres.ma\/index.php?rest_route=\/wp\/v2\/media\/14015"}],"wp:attachment":[{"href":"https:\/\/baralivres.ma\/index.php?rest_route=%2Fwp%2Fv2%2Fmedia&parent=14014"}],"wp:term":[{"taxonomy":"product_cat","embeddable":true,"href":"https:\/\/baralivres.ma\/index.php?rest_route=%2Fwp%2Fv2%2Fproduct_cat&post=14014"},{"taxonomy":"product_tag","embeddable":true,"href":"https:\/\/baralivres.ma\/index.php?rest_route=%2Fwp%2Fv2%2Fproduct_tag&post=14014"}],"curies":[{"name":"wp","href":"https:\/\/api.w.org\/{rel}","templated":true}]}}