{"id":14012,"date":"2023-10-25T12:53:15","date_gmt":"2023-10-25T11:53:15","guid":{"rendered":"https:\/\/baralivres.ma\/?post_type=product&#038;p=14012"},"modified":"2024-11-28T15:36:16","modified_gmt":"2024-11-28T14:36:16","slug":"boule-de-suif","status":"publish","type":"product","link":"https:\/\/baralivres.ma\/?product=boule-de-suif","title":{"rendered":"Boule de suif"},"content":{"rendered":"<p>La guerre de 1870, emplie de honte et d&rsquo;horreur, bouleverse la vie de Maupassant, qui d\u00e9laissait les plaisirs pour l&rsquo;ann\u00e9e terrible. Boule de Suif, un t\u00e9moignage de cette p\u00e9riode, suit un groupe de voyageurs pendant l&rsquo;occupation allemande. La pr\u00e9sence d&rsquo;une prostitu\u00e9e d\u00e9go\u00fbte les autres. Lors d&rsquo;une halte, un officier allemand menace d&rsquo;arr\u00eater le convoi si la fille ne couche pas avec lui. \u00c0 contrec\u0153ur, elle c\u00e8de. Ce r\u00e9cit apporte la c\u00e9l\u00e9brit\u00e9 \u00e0 Maupassant et enthousiasme Flaubert, qui le qualifie de chef-d&rsquo;\u0153uvre de composition, de comique, et d&rsquo;observation.<\/p>\n","protected":false},"excerpt":{"rendered":"<p>La guerre de 1870 interrompt la vie de Maupassant, qui \u00e9crit Boule de Suif, un chef-d&rsquo;\u0153uvre c\u00e9l\u00e9br\u00e9.<\/p>\n","protected":false},"featured_media":14016,"comment_status":"open","ping_status":"closed","template":"","meta":{"inline_featured_image":false},"product_cat":[4097,4096],"product_tag":[],"class_list":{"0":"post-14012","1":"product","2":"type-product","3":"status-publish","4":"has-post-thumbnail","6":"product_cat-francais-les_romans_classique","7":"product_cat-les_romans_classique","8":"pa_auteurs-maupassant-guy-de","10":"first","11":"instock","12":"shipping-taxable","13":"purchasable","14":"product-type-simple"},"_links":{"self":[{"href":"https:\/\/baralivres.ma\/index.php?rest_route=\/wp\/v2\/product\/14012","targetHints":{"allow":["GET"]}}],"collection":[{"href":"https:\/\/baralivres.ma\/index.php?rest_route=\/wp\/v2\/product"}],"about":[{"href":"https:\/\/baralivres.ma\/index.php?rest_route=\/wp\/v2\/types\/product"}],"replies":[{"embeddable":true,"href":"https:\/\/baralivres.ma\/index.php?rest_route=%2Fwp%2Fv2%2Fcomments&post=14012"}],"version-history":[{"count":1,"href":"https:\/\/baralivres.ma\/index.php?rest_route=\/wp\/v2\/product\/14012\/revisions"}],"predecessor-version":[{"id":14019,"href":"https:\/\/baralivres.ma\/index.php?rest_route=\/wp\/v2\/product\/14012\/revisions\/14019"}],"wp:featuredmedia":[{"embeddable":true,"href":"https:\/\/baralivres.ma\/index.php?rest_route=\/wp\/v2\/media\/14016"}],"wp:attachment":[{"href":"https:\/\/baralivres.ma\/index.php?rest_route=%2Fwp%2Fv2%2Fmedia&parent=14012"}],"wp:term":[{"taxonomy":"product_cat","embeddable":true,"href":"https:\/\/baralivres.ma\/index.php?rest_route=%2Fwp%2Fv2%2Fproduct_cat&post=14012"},{"taxonomy":"product_tag","embeddable":true,"href":"https:\/\/baralivres.ma\/index.php?rest_route=%2Fwp%2Fv2%2Fproduct_tag&post=14012"}],"curies":[{"name":"wp","href":"https:\/\/api.w.org\/{rel}","templated":true}]}}