{"id":14006,"date":"2023-10-25T12:48:16","date_gmt":"2023-10-25T11:48:16","guid":{"rendered":"https:\/\/baralivres.ma\/?post_type=product&#038;p=14006"},"modified":"2023-10-25T12:48:16","modified_gmt":"2023-10-25T11:48:16","slug":"la-revanche","status":"publish","type":"product","link":"https:\/\/baralivres.ma\/?product=la-revanche","title":{"rendered":"La revanche"},"content":{"rendered":"<p>Un jeune homme du nom de Mitch McDeere court \u00e0 toute vitesse \u00e0 travers les rues de Memphis, tenant fermement son attach\u00e9-case. Bien qu&rsquo;il ait obtenu la troisi\u00e8me place de sa promotion en droit \u00e0 Harvard, il a \u00e9tonn\u00e9 tout le monde en d\u00e9cidant de rejoindre le cabinet confidentiel de Memphis, Bendini, Lambert &amp; Locke, qui a su le convaincre par des arguments tr\u00e8s persuasifs.<\/p>\n<p>Alors, qu&rsquo;est-ce qui pousse notre juriste talentueux \u00e0 se pr\u00e9cipiter vers un contrat si exceptionnel qu&rsquo;il semble oublier l&rsquo;importance de la profession juridique ? La r\u00e9ponse \u00e0 cette question est simple : Mitch court pour sauver sa propre vie.<\/p>\n","protected":false},"excerpt":{"rendered":"<p>Mitch McDeere, jeune juriste talentueux, court pour un contrat exceptionnel, mettant en danger sa vie.<\/p>\n","protected":false},"featured_media":14007,"comment_status":"open","ping_status":"closed","template":"","meta":{"inline_featured_image":false},"product_cat":[204,143,187],"product_tag":[],"class_list":{"0":"post-14006","1":"product","2":"type-product","3":"status-publish","4":"has-post-thumbnail","6":"product_cat-francais","7":"product_cat-roman","8":"product_cat-thriller","9":"pa_auteurs-grisham-john","11":"first","12":"instock","13":"shipping-taxable","14":"purchasable","15":"product-type-simple"},"_links":{"self":[{"href":"https:\/\/baralivres.ma\/index.php?rest_route=\/wp\/v2\/product\/14006","targetHints":{"allow":["GET"]}}],"collection":[{"href":"https:\/\/baralivres.ma\/index.php?rest_route=\/wp\/v2\/product"}],"about":[{"href":"https:\/\/baralivres.ma\/index.php?rest_route=\/wp\/v2\/types\/product"}],"replies":[{"embeddable":true,"href":"https:\/\/baralivres.ma\/index.php?rest_route=%2Fwp%2Fv2%2Fcomments&post=14006"}],"version-history":[{"count":1,"href":"https:\/\/baralivres.ma\/index.php?rest_route=\/wp\/v2\/product\/14006\/revisions"}],"predecessor-version":[{"id":14013,"href":"https:\/\/baralivres.ma\/index.php?rest_route=\/wp\/v2\/product\/14006\/revisions\/14013"}],"wp:featuredmedia":[{"embeddable":true,"href":"https:\/\/baralivres.ma\/index.php?rest_route=\/wp\/v2\/media\/14007"}],"wp:attachment":[{"href":"https:\/\/baralivres.ma\/index.php?rest_route=%2Fwp%2Fv2%2Fmedia&parent=14006"}],"wp:term":[{"taxonomy":"product_cat","embeddable":true,"href":"https:\/\/baralivres.ma\/index.php?rest_route=%2Fwp%2Fv2%2Fproduct_cat&post=14006"},{"taxonomy":"product_tag","embeddable":true,"href":"https:\/\/baralivres.ma\/index.php?rest_route=%2Fwp%2Fv2%2Fproduct_tag&post=14006"}],"curies":[{"name":"wp","href":"https:\/\/api.w.org\/{rel}","templated":true}]}}