{"id":14004,"date":"2023-10-25T12:47:07","date_gmt":"2023-10-25T11:47:07","guid":{"rendered":"https:\/\/baralivres.ma\/?post_type=product&#038;p=14004"},"modified":"2023-10-25T12:47:07","modified_gmt":"2023-10-25T11:47:07","slug":"desolee-je-suis-attendue","status":"publish","type":"product","link":"https:\/\/baralivres.ma\/?product=desolee-je-suis-attendue","title":{"rendered":"D\u00e9sol\u00e9e, je suis attendue"},"content":{"rendered":"<p>Ya\u00ebl est une interpr\u00e8te d\u00e9vou\u00e9e \u00e0 son travail, absorb\u00e9e par les r\u00e9unions et d\u00eeners d&rsquo;affaires, ignorant les vacances et les critiques de sa famille et de ses amis. Elle poursuit sa qu\u00eate de r\u00e9ussite malgr\u00e9 tout. Cependant, des ombres du pass\u00e9 pourraient \u00e9branler le monde qu&rsquo;elle a b\u00e2ti.<\/p>\n","protected":false},"excerpt":{"rendered":"<p>Ya\u00ebl, d\u00e9vou\u00e9e \u00e0 son travail, n\u00e9glige famille et amis, mais son pass\u00e9 pourrait menacer son succ\u00e8s.<\/p>\n","protected":false},"featured_media":14008,"comment_status":"open","ping_status":"closed","template":"","meta":{"inline_featured_image":false},"product_cat":[204,143,178],"product_tag":[],"class_list":{"0":"post-14004","1":"product","2":"type-product","3":"status-publish","4":"has-post-thumbnail","6":"product_cat-francais","7":"product_cat-roman","8":"product_cat-contemporain","9":"pa_auteurs-agnes-martin-lugand","11":"first","12":"instock","13":"shipping-taxable","14":"purchasable","15":"product-type-simple"},"_links":{"self":[{"href":"https:\/\/baralivres.ma\/index.php?rest_route=\/wp\/v2\/product\/14004","targetHints":{"allow":["GET"]}}],"collection":[{"href":"https:\/\/baralivres.ma\/index.php?rest_route=\/wp\/v2\/product"}],"about":[{"href":"https:\/\/baralivres.ma\/index.php?rest_route=\/wp\/v2\/types\/product"}],"replies":[{"embeddable":true,"href":"https:\/\/baralivres.ma\/index.php?rest_route=%2Fwp%2Fv2%2Fcomments&post=14004"}],"version-history":[{"count":1,"href":"https:\/\/baralivres.ma\/index.php?rest_route=\/wp\/v2\/product\/14004\/revisions"}],"predecessor-version":[{"id":14009,"href":"https:\/\/baralivres.ma\/index.php?rest_route=\/wp\/v2\/product\/14004\/revisions\/14009"}],"wp:featuredmedia":[{"embeddable":true,"href":"https:\/\/baralivres.ma\/index.php?rest_route=\/wp\/v2\/media\/14008"}],"wp:attachment":[{"href":"https:\/\/baralivres.ma\/index.php?rest_route=%2Fwp%2Fv2%2Fmedia&parent=14004"}],"wp:term":[{"taxonomy":"product_cat","embeddable":true,"href":"https:\/\/baralivres.ma\/index.php?rest_route=%2Fwp%2Fv2%2Fproduct_cat&post=14004"},{"taxonomy":"product_tag","embeddable":true,"href":"https:\/\/baralivres.ma\/index.php?rest_route=%2Fwp%2Fv2%2Fproduct_tag&post=14004"}],"curies":[{"name":"wp","href":"https:\/\/api.w.org\/{rel}","templated":true}]}}