{"id":13995,"date":"2023-10-25T12:44:30","date_gmt":"2023-10-25T11:44:30","guid":{"rendered":"https:\/\/baralivres.ma\/?post_type=product&#038;p=13995"},"modified":"2023-10-25T12:44:31","modified_gmt":"2023-10-25T11:44:31","slug":"une-evidence","status":"publish","type":"product","link":"https:\/\/baralivres.ma\/?product=une-evidence","title":{"rendered":"Une \u00e9vidence"},"content":{"rendered":"<p>Reine vit une vie heureuse partag\u00e9e entre son fils adolescent et un travail passionnant, mais un mensonge du pass\u00e9 menace de tout briser. Faut-il affronter ce pass\u00e9 pour b\u00e2tir un avenir meilleur ?<\/p>\n","protected":false},"excerpt":{"rendered":"<p>Reine m\u00e8ne une vie heureuse malgr\u00e9 un pass\u00e9 mensonger, mais l&rsquo;avenir d\u00e9pend de la r\u00e9v\u00e9lation de la v\u00e9rit\u00e9.<\/p>\n","protected":false},"featured_media":14002,"comment_status":"open","ping_status":"closed","template":"","meta":{"inline_featured_image":false},"product_cat":[204,143,178],"product_tag":[],"class_list":{"0":"post-13995","1":"product","2":"type-product","3":"status-publish","4":"has-post-thumbnail","6":"product_cat-francais","7":"product_cat-roman","8":"product_cat-contemporain","9":"pa_auteurs-agnes-martin-lugand","11":"first","12":"instock","13":"shipping-taxable","14":"purchasable","15":"product-type-simple"},"_links":{"self":[{"href":"https:\/\/baralivres.ma\/index.php?rest_route=\/wp\/v2\/product\/13995","targetHints":{"allow":["GET"]}}],"collection":[{"href":"https:\/\/baralivres.ma\/index.php?rest_route=\/wp\/v2\/product"}],"about":[{"href":"https:\/\/baralivres.ma\/index.php?rest_route=\/wp\/v2\/types\/product"}],"replies":[{"embeddable":true,"href":"https:\/\/baralivres.ma\/index.php?rest_route=%2Fwp%2Fv2%2Fcomments&post=13995"}],"version-history":[{"count":1,"href":"https:\/\/baralivres.ma\/index.php?rest_route=\/wp\/v2\/product\/13995\/revisions"}],"predecessor-version":[{"id":14003,"href":"https:\/\/baralivres.ma\/index.php?rest_route=\/wp\/v2\/product\/13995\/revisions\/14003"}],"wp:featuredmedia":[{"embeddable":true,"href":"https:\/\/baralivres.ma\/index.php?rest_route=\/wp\/v2\/media\/14002"}],"wp:attachment":[{"href":"https:\/\/baralivres.ma\/index.php?rest_route=%2Fwp%2Fv2%2Fmedia&parent=13995"}],"wp:term":[{"taxonomy":"product_cat","embeddable":true,"href":"https:\/\/baralivres.ma\/index.php?rest_route=%2Fwp%2Fv2%2Fproduct_cat&post=13995"},{"taxonomy":"product_tag","embeddable":true,"href":"https:\/\/baralivres.ma\/index.php?rest_route=%2Fwp%2Fv2%2Fproduct_tag&post=13995"}],"curies":[{"name":"wp","href":"https:\/\/api.w.org\/{rel}","templated":true}]}}