{"id":13989,"date":"2023-10-25T12:41:57","date_gmt":"2023-10-25T11:41:57","guid":{"rendered":"https:\/\/baralivres.ma\/?post_type=product&#038;p=13989"},"modified":"2023-10-25T12:41:57","modified_gmt":"2023-10-25T11:41:57","slug":"a-la-lumiere-du-petit-matin","status":"publish","type":"product","link":"https:\/\/baralivres.ma\/?product=a-la-lumiere-du-petit-matin","title":{"rendered":"A la lumi\u00e8re du petit matin"},"content":{"rendered":"<p>Hortense, professeur de danse approchant la quarantaine, jongle entre son travail et sa liaison avec un homme mari\u00e9. Malgr\u00e9 son apparence de bonheur, elle est tourment\u00e9e par un sentiment ind\u00e9finissable qu&rsquo;elle \u00e9vite de confronter. Cependant, un incident inattendu pourrait \u00eatre l&rsquo;occasion de raviver la passion qui sommeille en elle.<\/p>\n","protected":false},"excerpt":{"rendered":"<p>Hortense, professeur de danse, vit une liaison avec un homme mari\u00e9, mais un incident \u00e9veille son d\u00e9sir int\u00e9rieur.<\/p>\n","protected":false},"featured_media":13992,"comment_status":"open","ping_status":"closed","template":"","meta":{"inline_featured_image":false},"product_cat":[204,143,178],"product_tag":[],"class_list":{"0":"post-13989","1":"product","2":"type-product","3":"status-publish","4":"has-post-thumbnail","6":"product_cat-francais","7":"product_cat-roman","8":"product_cat-contemporain","9":"pa_auteurs-agnes-martin-lugand","11":"first","12":"instock","13":"shipping-taxable","14":"purchasable","15":"product-type-simple"},"_links":{"self":[{"href":"https:\/\/baralivres.ma\/index.php?rest_route=\/wp\/v2\/product\/13989","targetHints":{"allow":["GET"]}}],"collection":[{"href":"https:\/\/baralivres.ma\/index.php?rest_route=\/wp\/v2\/product"}],"about":[{"href":"https:\/\/baralivres.ma\/index.php?rest_route=\/wp\/v2\/types\/product"}],"replies":[{"embeddable":true,"href":"https:\/\/baralivres.ma\/index.php?rest_route=%2Fwp%2Fv2%2Fcomments&post=13989"}],"version-history":[{"count":1,"href":"https:\/\/baralivres.ma\/index.php?rest_route=\/wp\/v2\/product\/13989\/revisions"}],"predecessor-version":[{"id":13993,"href":"https:\/\/baralivres.ma\/index.php?rest_route=\/wp\/v2\/product\/13989\/revisions\/13993"}],"wp:featuredmedia":[{"embeddable":true,"href":"https:\/\/baralivres.ma\/index.php?rest_route=\/wp\/v2\/media\/13992"}],"wp:attachment":[{"href":"https:\/\/baralivres.ma\/index.php?rest_route=%2Fwp%2Fv2%2Fmedia&parent=13989"}],"wp:term":[{"taxonomy":"product_cat","embeddable":true,"href":"https:\/\/baralivres.ma\/index.php?rest_route=%2Fwp%2Fv2%2Fproduct_cat&post=13989"},{"taxonomy":"product_tag","embeddable":true,"href":"https:\/\/baralivres.ma\/index.php?rest_route=%2Fwp%2Fv2%2Fproduct_tag&post=13989"}],"curies":[{"name":"wp","href":"https:\/\/api.w.org\/{rel}","templated":true}]}}