{"id":13988,"date":"2023-10-25T12:40:50","date_gmt":"2023-10-25T11:40:50","guid":{"rendered":"https:\/\/baralivres.ma\/?post_type=product&#038;p=13988"},"modified":"2023-10-25T12:40:51","modified_gmt":"2023-10-25T11:40:51","slug":"le-client","status":"publish","type":"product","link":"https:\/\/baralivres.ma\/?product=le-client","title":{"rendered":"Le Client"},"content":{"rendered":"<p>Le protagoniste de l&rsquo;histoire est Mark Sway, un gar\u00e7on de onze ans. Par accident, il a \u00e9t\u00e9 mis au courant des confidences d&rsquo;un avocat qui, peu avant de se suicider, lui a r\u00e9v\u00e9l\u00e9 l&#8217;emplacement du corps du s\u00e9nateur assassin\u00e9 par la Mafia. En cons\u00e9quence, la police et le FBI le pressent de divulguer ces informations, mais Mark r\u00e9siste \u00e0 tout prix. Il a vu le film \u00ab\u00a0Le Parrain\u00a0\u00bb et sait que la Mafia ne pardonne jamais les indiscr\u00e9tions, et qu&rsquo;elle pourrait le supprimer s&rsquo;ils soup\u00e7onnent qu&rsquo;il parle trop. Pour se d\u00e9fendre, il d\u00e9cide d&#8217;embaucher une avocate qui, malgr\u00e9 sa modeste fortune d&rsquo;un dollar, accepte de le repr\u00e9senter.<\/p>\n","protected":false},"excerpt":{"rendered":"<p>Mark, 11 ans, d\u00e9tient un secret dangereux sur un meurtre li\u00e9 \u00e0 la Mafia et engage une avocate.<\/p>\n","protected":false},"featured_media":13990,"comment_status":"open","ping_status":"closed","template":"","meta":{"inline_featured_image":false},"product_cat":[204,143,187],"product_tag":[],"class_list":{"0":"post-13988","1":"product","2":"type-product","3":"status-publish","4":"has-post-thumbnail","6":"product_cat-francais","7":"product_cat-roman","8":"product_cat-thriller","9":"pa_auteurs-grisham-john","11":"first","12":"instock","13":"shipping-taxable","14":"purchasable","15":"product-type-simple"},"_links":{"self":[{"href":"https:\/\/baralivres.ma\/index.php?rest_route=\/wp\/v2\/product\/13988","targetHints":{"allow":["GET"]}}],"collection":[{"href":"https:\/\/baralivres.ma\/index.php?rest_route=\/wp\/v2\/product"}],"about":[{"href":"https:\/\/baralivres.ma\/index.php?rest_route=\/wp\/v2\/types\/product"}],"replies":[{"embeddable":true,"href":"https:\/\/baralivres.ma\/index.php?rest_route=%2Fwp%2Fv2%2Fcomments&post=13988"}],"version-history":[{"count":1,"href":"https:\/\/baralivres.ma\/index.php?rest_route=\/wp\/v2\/product\/13988\/revisions"}],"predecessor-version":[{"id":13991,"href":"https:\/\/baralivres.ma\/index.php?rest_route=\/wp\/v2\/product\/13988\/revisions\/13991"}],"wp:featuredmedia":[{"embeddable":true,"href":"https:\/\/baralivres.ma\/index.php?rest_route=\/wp\/v2\/media\/13990"}],"wp:attachment":[{"href":"https:\/\/baralivres.ma\/index.php?rest_route=%2Fwp%2Fv2%2Fmedia&parent=13988"}],"wp:term":[{"taxonomy":"product_cat","embeddable":true,"href":"https:\/\/baralivres.ma\/index.php?rest_route=%2Fwp%2Fv2%2Fproduct_cat&post=13988"},{"taxonomy":"product_tag","embeddable":true,"href":"https:\/\/baralivres.ma\/index.php?rest_route=%2Fwp%2Fv2%2Fproduct_tag&post=13988"}],"curies":[{"name":"wp","href":"https:\/\/api.w.org\/{rel}","templated":true}]}}