{"id":13981,"date":"2023-10-25T12:38:57","date_gmt":"2023-10-25T11:38:57","guid":{"rendered":"https:\/\/baralivres.ma\/?post_type=product&#038;p=13981"},"modified":"2023-10-25T12:38:58","modified_gmt":"2023-10-25T11:38:58","slug":"entre-mes-mains-le-bonheur-se-faufile","status":"publish","type":"product","link":"https:\/\/baralivres.ma\/?product=entre-mes-mains-le-bonheur-se-faufile","title":{"rendered":"Entre mes mains le bonheur se faufile"},"content":{"rendered":"<p>Iris \u00e9touffe dans une vie provinciale \u00e9troite. Lass\u00e9e d&rsquo;un mariage en d\u00e9clin et d&rsquo;un travail frustrant, elle trouve refuge dans la couture. Cependant, la d\u00e9couverte que ses parents ont entrav\u00e9 ses aspirations la pousse \u00e0 briser les cha\u00eenes, \u00e0 suivre sa formation souhait\u00e9e, et \u00e0 cr\u00e9er une nouvelle vie exub\u00e9rante \u00e0 Paris avec l&rsquo;aide de Marthe.<\/p>\n","protected":false},"excerpt":{"rendered":"<p>Iris, \u00e9touff\u00e9e par sa vie provinciale, rompt avec son pass\u00e9 pour suivre sa passion de la couture \u00e0 Paris.<\/p>\n","protected":false},"featured_media":13986,"comment_status":"open","ping_status":"closed","template":"","meta":{"inline_featured_image":false},"product_cat":[204,143,178],"product_tag":[],"class_list":{"0":"post-13981","1":"product","2":"type-product","3":"status-publish","4":"has-post-thumbnail","6":"product_cat-francais","7":"product_cat-roman","8":"product_cat-contemporain","9":"pa_auteurs-agnes-martin-lugand","11":"first","12":"instock","13":"shipping-taxable","14":"purchasable","15":"product-type-simple"},"_links":{"self":[{"href":"https:\/\/baralivres.ma\/index.php?rest_route=\/wp\/v2\/product\/13981","targetHints":{"allow":["GET"]}}],"collection":[{"href":"https:\/\/baralivres.ma\/index.php?rest_route=\/wp\/v2\/product"}],"about":[{"href":"https:\/\/baralivres.ma\/index.php?rest_route=\/wp\/v2\/types\/product"}],"replies":[{"embeddable":true,"href":"https:\/\/baralivres.ma\/index.php?rest_route=%2Fwp%2Fv2%2Fcomments&post=13981"}],"version-history":[{"count":1,"href":"https:\/\/baralivres.ma\/index.php?rest_route=\/wp\/v2\/product\/13981\/revisions"}],"predecessor-version":[{"id":13987,"href":"https:\/\/baralivres.ma\/index.php?rest_route=\/wp\/v2\/product\/13981\/revisions\/13987"}],"wp:featuredmedia":[{"embeddable":true,"href":"https:\/\/baralivres.ma\/index.php?rest_route=\/wp\/v2\/media\/13986"}],"wp:attachment":[{"href":"https:\/\/baralivres.ma\/index.php?rest_route=%2Fwp%2Fv2%2Fmedia&parent=13981"}],"wp:term":[{"taxonomy":"product_cat","embeddable":true,"href":"https:\/\/baralivres.ma\/index.php?rest_route=%2Fwp%2Fv2%2Fproduct_cat&post=13981"},{"taxonomy":"product_tag","embeddable":true,"href":"https:\/\/baralivres.ma\/index.php?rest_route=%2Fwp%2Fv2%2Fproduct_tag&post=13981"}],"curies":[{"name":"wp","href":"https:\/\/api.w.org\/{rel}","templated":true}]}}