{"id":13970,"date":"2023-10-25T12:36:01","date_gmt":"2023-10-25T11:36:01","guid":{"rendered":"https:\/\/baralivres.ma\/?post_type=product&#038;p=13970"},"modified":"2023-10-25T12:36:02","modified_gmt":"2023-10-25T11:36:02","slug":"le-couloir-de-la-mort","status":"publish","type":"product","link":"https:\/\/baralivres.ma\/?product=le-couloir-de-la-mort","title":{"rendered":"Le couloir de la mort"},"content":{"rendered":"<p>En 1967, dans l&rsquo;\u00c9tat du Mississippi, les deux jeunes fils d&rsquo;un avocat juif militant pour les droits civils sont tragiquement tu\u00e9s dans une explosion caus\u00e9e par une bombe sign\u00e9e du Ku Klux Klan. Passons ensuite \u00e0 l&rsquo;\u00e9t\u00e9 1990, o\u00f9 Sam Cayhall, l&rsquo;un des suspects dans cette affaire, attend anxieusement sa date d&rsquo;ex\u00e9cution, confin\u00e9 dans une cellule oppressante de haute s\u00e9curit\u00e9. Il a \u00e9t\u00e9 abandonn\u00e9 par presque tous ses proches, \u00e0 l&rsquo;exception de son petit-fils, Adam, fra\u00eechement dipl\u00f4m\u00e9 en droit et avocat d\u00e9butant. Malgr\u00e9 sa m\u00e9connaissance de son grand-p\u00e8re et le profond d\u00e9go\u00fbt que celui-ci lui inspire, Adam entreprend l&rsquo;impossible pour \u00e9viter \u00e0 Sam la chambre \u00e0 gaz.<\/p>\n","protected":false},"excerpt":{"rendered":"<p>Dans le Mississippi, en 1967, l&rsquo;assassinat de deux fils d&rsquo;un avocat juif engendre une qu\u00eate de r\u00e9demption en 1990.<\/p>\n","protected":false},"featured_media":13974,"comment_status":"open","ping_status":"closed","template":"","meta":{"inline_featured_image":false},"product_cat":[204,143,187],"product_tag":[],"class_list":{"0":"post-13970","1":"product","2":"type-product","3":"status-publish","4":"has-post-thumbnail","6":"product_cat-francais","7":"product_cat-roman","8":"product_cat-thriller","9":"pa_auteurs-john-grisham","11":"first","12":"instock","13":"shipping-taxable","14":"purchasable","15":"product-type-simple"},"_links":{"self":[{"href":"https:\/\/baralivres.ma\/index.php?rest_route=\/wp\/v2\/product\/13970","targetHints":{"allow":["GET"]}}],"collection":[{"href":"https:\/\/baralivres.ma\/index.php?rest_route=\/wp\/v2\/product"}],"about":[{"href":"https:\/\/baralivres.ma\/index.php?rest_route=\/wp\/v2\/types\/product"}],"replies":[{"embeddable":true,"href":"https:\/\/baralivres.ma\/index.php?rest_route=%2Fwp%2Fv2%2Fcomments&post=13970"}],"version-history":[{"count":1,"href":"https:\/\/baralivres.ma\/index.php?rest_route=\/wp\/v2\/product\/13970\/revisions"}],"predecessor-version":[{"id":13976,"href":"https:\/\/baralivres.ma\/index.php?rest_route=\/wp\/v2\/product\/13970\/revisions\/13976"}],"wp:featuredmedia":[{"embeddable":true,"href":"https:\/\/baralivres.ma\/index.php?rest_route=\/wp\/v2\/media\/13974"}],"wp:attachment":[{"href":"https:\/\/baralivres.ma\/index.php?rest_route=%2Fwp%2Fv2%2Fmedia&parent=13970"}],"wp:term":[{"taxonomy":"product_cat","embeddable":true,"href":"https:\/\/baralivres.ma\/index.php?rest_route=%2Fwp%2Fv2%2Fproduct_cat&post=13970"},{"taxonomy":"product_tag","embeddable":true,"href":"https:\/\/baralivres.ma\/index.php?rest_route=%2Fwp%2Fv2%2Fproduct_tag&post=13970"}],"curies":[{"name":"wp","href":"https:\/\/api.w.org\/{rel}","templated":true}]}}