{"id":13957,"date":"2023-10-25T12:29:16","date_gmt":"2023-10-25T11:29:16","guid":{"rendered":"https:\/\/baralivres.ma\/?post_type=product&#038;p=13957"},"modified":"2023-10-25T12:29:16","modified_gmt":"2023-10-25T11:29:16","slug":"ne-tenfuis-plus","status":"publish","type":"product","link":"https:\/\/baralivres.ma\/?product=ne-tenfuis-plus","title":{"rendered":"Ne t&rsquo;enfuis plus"},"content":{"rendered":"<p>Une sans-abri se trouve \u00e0 Central Park, et il s&rsquo;agit de votre fille, port\u00e9e disparue depuis plusieurs mois.<\/p>\n<p>Elle est en fuite, confront\u00e9e \u00e0 des probl\u00e8mes graves.<\/p>\n<p>Vous \u00eates d\u00e9termin\u00e9 \u00e0 la secourir, car qui ne le ferait pas pour son propre enfant ? Cependant, ce que vous ne r\u00e9alisez pas, c&rsquo;est que la retrouver pourrait la mettre en danger, ainsi que tous ceux que vous ch\u00e9rissez.<\/p>\n<p>Les myst\u00e8res ne s&rsquo;\u00e9teignent jamais.<\/p>\n","protected":false},"excerpt":{"rendered":"<p>Une SDF \u00e0 Central Park, votre fille disparue. Vous voulez la sauver, mais r\u00e9v\u00e9ler le secret met tous en danger.<\/p>\n","protected":false},"featured_media":13961,"comment_status":"open","ping_status":"closed","template":"","meta":{"inline_featured_image":false},"product_cat":[204,143,187],"product_tag":[],"class_list":{"0":"post-13957","1":"product","2":"type-product","3":"status-publish","4":"has-post-thumbnail","6":"product_cat-francais","7":"product_cat-roman","8":"product_cat-thriller","9":"pa_auteurs-harlan-coben","11":"first","12":"instock","13":"shipping-taxable","14":"purchasable","15":"product-type-simple"},"_links":{"self":[{"href":"https:\/\/baralivres.ma\/index.php?rest_route=\/wp\/v2\/product\/13957","targetHints":{"allow":["GET"]}}],"collection":[{"href":"https:\/\/baralivres.ma\/index.php?rest_route=\/wp\/v2\/product"}],"about":[{"href":"https:\/\/baralivres.ma\/index.php?rest_route=\/wp\/v2\/types\/product"}],"replies":[{"embeddable":true,"href":"https:\/\/baralivres.ma\/index.php?rest_route=%2Fwp%2Fv2%2Fcomments&post=13957"}],"version-history":[{"count":1,"href":"https:\/\/baralivres.ma\/index.php?rest_route=\/wp\/v2\/product\/13957\/revisions"}],"predecessor-version":[{"id":13962,"href":"https:\/\/baralivres.ma\/index.php?rest_route=\/wp\/v2\/product\/13957\/revisions\/13962"}],"wp:featuredmedia":[{"embeddable":true,"href":"https:\/\/baralivres.ma\/index.php?rest_route=\/wp\/v2\/media\/13961"}],"wp:attachment":[{"href":"https:\/\/baralivres.ma\/index.php?rest_route=%2Fwp%2Fv2%2Fmedia&parent=13957"}],"wp:term":[{"taxonomy":"product_cat","embeddable":true,"href":"https:\/\/baralivres.ma\/index.php?rest_route=%2Fwp%2Fv2%2Fproduct_cat&post=13957"},{"taxonomy":"product_tag","embeddable":true,"href":"https:\/\/baralivres.ma\/index.php?rest_route=%2Fwp%2Fv2%2Fproduct_tag&post=13957"}],"curies":[{"name":"wp","href":"https:\/\/api.w.org\/{rel}","templated":true}]}}