{"id":13952,"date":"2023-10-25T12:25:55","date_gmt":"2023-10-25T11:25:55","guid":{"rendered":"https:\/\/baralivres.ma\/?post_type=product&#038;p=13952"},"modified":"2023-10-25T12:25:55","modified_gmt":"2023-10-25T11:25:55","slug":"sans-defense","status":"publish","type":"product","link":"https:\/\/baralivres.ma\/?product=sans-defense","title":{"rendered":"Sans d\u00e9fense"},"content":{"rendered":"<p>Depuis une d\u00e9cennie, Win Lockwood du secteur priv\u00e9 a attendu ce moment avec impatience. Durant toutes ces ann\u00e9es, il s&rsquo;est efforc\u00e9 de retrouver la piste de deux enfants enlev\u00e9s. L&rsquo;un d&rsquo;entre eux se tient d\u00e9sormais devant lui, au c\u0153ur de cette ruelle sinistre de Londres. Win est sur le point d&rsquo;atteindre son objectif, le d\u00e9nouement heureux est \u00e0 port\u00e9e de main. Cependant, le gar\u00e7on lui \u00e9chappe soudainement, et il se retrouve de nouveau au point de d\u00e9part. C&rsquo;est le moment pour Win de demander de l&rsquo;aide \u00e0 son associ\u00e9, son plus fid\u00e8le ami, le d\u00e9tective Myron Bolitar.<\/p>\n<p>Apr\u00e8s une absence de huit ans, Bolitar effectue un retour retentissant dans une enqu\u00eate palpitante, avec une tension \u00e0 son paroxysme.<\/p>\n","protected":false},"excerpt":{"rendered":"<p>Win Lockwood traque kidnapp\u00e9s pendant 10 ans, pr\u00e8s de la victoire, demande l&rsquo;aide de son ami d\u00e9tective.<\/p>\n","protected":false},"featured_media":13953,"comment_status":"open","ping_status":"closed","template":"","meta":{"inline_featured_image":false},"product_cat":[204,143,187],"product_tag":[],"class_list":{"0":"post-13952","1":"product","2":"type-product","3":"status-publish","4":"has-post-thumbnail","6":"product_cat-francais","7":"product_cat-roman","8":"product_cat-thriller","9":"pa_auteurs-harlan-coben","11":"first","12":"instock","13":"shipping-taxable","14":"purchasable","15":"product-type-simple"},"_links":{"self":[{"href":"https:\/\/baralivres.ma\/index.php?rest_route=\/wp\/v2\/product\/13952","targetHints":{"allow":["GET"]}}],"collection":[{"href":"https:\/\/baralivres.ma\/index.php?rest_route=\/wp\/v2\/product"}],"about":[{"href":"https:\/\/baralivres.ma\/index.php?rest_route=\/wp\/v2\/types\/product"}],"replies":[{"embeddable":true,"href":"https:\/\/baralivres.ma\/index.php?rest_route=%2Fwp%2Fv2%2Fcomments&post=13952"}],"version-history":[{"count":1,"href":"https:\/\/baralivres.ma\/index.php?rest_route=\/wp\/v2\/product\/13952\/revisions"}],"predecessor-version":[{"id":13954,"href":"https:\/\/baralivres.ma\/index.php?rest_route=\/wp\/v2\/product\/13952\/revisions\/13954"}],"wp:featuredmedia":[{"embeddable":true,"href":"https:\/\/baralivres.ma\/index.php?rest_route=\/wp\/v2\/media\/13953"}],"wp:attachment":[{"href":"https:\/\/baralivres.ma\/index.php?rest_route=%2Fwp%2Fv2%2Fmedia&parent=13952"}],"wp:term":[{"taxonomy":"product_cat","embeddable":true,"href":"https:\/\/baralivres.ma\/index.php?rest_route=%2Fwp%2Fv2%2Fproduct_cat&post=13952"},{"taxonomy":"product_tag","embeddable":true,"href":"https:\/\/baralivres.ma\/index.php?rest_route=%2Fwp%2Fv2%2Fproduct_tag&post=13952"}],"curies":[{"name":"wp","href":"https:\/\/api.w.org\/{rel}","templated":true}]}}