{"id":13951,"date":"2023-10-25T12:26:09","date_gmt":"2023-10-25T11:26:09","guid":{"rendered":"https:\/\/baralivres.ma\/?post_type=product&#038;p=13951"},"modified":"2023-10-25T12:26:09","modified_gmt":"2023-10-25T11:26:09","slug":"fleuve-lointain","status":"publish","type":"product","link":"https:\/\/baralivres.ma\/?product=fleuve-lointain","title":{"rendered":"Fleuve lointain"},"content":{"rendered":"<p>Nicole Schaller et Lucas Newman, h\u00e9ritiers de rivaux vignobles californiens, sont contraints \u00e0 coop\u00e9rer apr\u00e8s une d\u00e9couverte macabre chez les Schaller. Les querelles ancestrales ressurgissent, r\u00e9v\u00e9lant des secrets obscurs. Nicole et Lucas parviendront-ils \u00e0 mettre de c\u00f4t\u00e9 leurs diff\u00e9rences pour affronter le pass\u00e9 ?<\/p>\n","protected":false},"excerpt":{"rendered":"<p>Nicole et Lucas, h\u00e9ritiers de vignobles rivaux, unissent leurs forces face \u00e0 un meurtre, r\u00e9veillant d&rsquo;anciennes querelles.<\/p>\n","protected":false},"featured_media":13955,"comment_status":"open","ping_status":"closed","template":"","meta":{"inline_featured_image":false},"product_cat":[204,143],"product_tag":[],"class_list":{"0":"post-13951","1":"product","2":"type-product","3":"status-publish","4":"has-post-thumbnail","6":"product_cat-francais","7":"product_cat-roman","8":"pa_auteurs-barbara-wood","10":"first","11":"instock","12":"shipping-taxable","13":"purchasable","14":"product-type-simple"},"_links":{"self":[{"href":"https:\/\/baralivres.ma\/index.php?rest_route=\/wp\/v2\/product\/13951","targetHints":{"allow":["GET"]}}],"collection":[{"href":"https:\/\/baralivres.ma\/index.php?rest_route=\/wp\/v2\/product"}],"about":[{"href":"https:\/\/baralivres.ma\/index.php?rest_route=\/wp\/v2\/types\/product"}],"replies":[{"embeddable":true,"href":"https:\/\/baralivres.ma\/index.php?rest_route=%2Fwp%2Fv2%2Fcomments&post=13951"}],"version-history":[{"count":1,"href":"https:\/\/baralivres.ma\/index.php?rest_route=\/wp\/v2\/product\/13951\/revisions"}],"predecessor-version":[{"id":13956,"href":"https:\/\/baralivres.ma\/index.php?rest_route=\/wp\/v2\/product\/13951\/revisions\/13956"}],"wp:featuredmedia":[{"embeddable":true,"href":"https:\/\/baralivres.ma\/index.php?rest_route=\/wp\/v2\/media\/13955"}],"wp:attachment":[{"href":"https:\/\/baralivres.ma\/index.php?rest_route=%2Fwp%2Fv2%2Fmedia&parent=13951"}],"wp:term":[{"taxonomy":"product_cat","embeddable":true,"href":"https:\/\/baralivres.ma\/index.php?rest_route=%2Fwp%2Fv2%2Fproduct_cat&post=13951"},{"taxonomy":"product_tag","embeddable":true,"href":"https:\/\/baralivres.ma\/index.php?rest_route=%2Fwp%2Fv2%2Fproduct_tag&post=13951"}],"curies":[{"name":"wp","href":"https:\/\/api.w.org\/{rel}","templated":true}]}}