{"id":13946,"date":"2023-10-25T12:23:25","date_gmt":"2023-10-25T11:23:25","guid":{"rendered":"https:\/\/baralivres.ma\/?post_type=product&#038;p=13946"},"modified":"2023-10-25T12:23:25","modified_gmt":"2023-10-25T11:23:25","slug":"sans-un-adieu","status":"publish","type":"product","link":"https:\/\/baralivres.ma\/?product=sans-un-adieu","title":{"rendered":"Sans un adieu"},"content":{"rendered":"<p>Lorsque l&rsquo;idylle d&rsquo;un amour se transforme en un v\u00e9ritable cauchemar, deux familles voient leur existence boulevers\u00e9e&#8230;<\/p>\n<p>Laura et David, l&rsquo;ancienne mannequin devenue une femme d&rsquo;affaires prosp\u00e8re, et la star de l&rsquo;\u00e9quipe de basket des Celtics, formaient un couple b\u00e9nissant par les \u00e9toiles.<\/p>\n<p>Cependant, au beau milieu de leur lune de miel, la trag\u00e9die s&rsquo;abat sur eux : David part pour une baignade et dispara\u00eet sans la moindre explication. Laura plonge alors dans une qu\u00eate pour exhumer des secrets profond\u00e9ment enfouis&#8230;<\/p>\n","protected":false},"excerpt":{"rendered":"<p>Un amour parfait vire au cauchemar quand David dispara\u00eet en lune de miel, r\u00e9v\u00e9lant des secrets cach\u00e9s.<\/p>\n","protected":false},"featured_media":13947,"comment_status":"open","ping_status":"closed","template":"","meta":{"inline_featured_image":false},"product_cat":[204,143,187],"product_tag":[],"class_list":{"0":"post-13946","1":"product","2":"type-product","3":"status-publish","4":"has-post-thumbnail","6":"product_cat-francais","7":"product_cat-roman","8":"product_cat-thriller","9":"pa_auteurs-harlan-coben","11":"first","12":"instock","13":"shipping-taxable","14":"purchasable","15":"product-type-simple"},"_links":{"self":[{"href":"https:\/\/baralivres.ma\/index.php?rest_route=\/wp\/v2\/product\/13946","targetHints":{"allow":["GET"]}}],"collection":[{"href":"https:\/\/baralivres.ma\/index.php?rest_route=\/wp\/v2\/product"}],"about":[{"href":"https:\/\/baralivres.ma\/index.php?rest_route=\/wp\/v2\/types\/product"}],"replies":[{"embeddable":true,"href":"https:\/\/baralivres.ma\/index.php?rest_route=%2Fwp%2Fv2%2Fcomments&post=13946"}],"version-history":[{"count":1,"href":"https:\/\/baralivres.ma\/index.php?rest_route=\/wp\/v2\/product\/13946\/revisions"}],"predecessor-version":[{"id":13948,"href":"https:\/\/baralivres.ma\/index.php?rest_route=\/wp\/v2\/product\/13946\/revisions\/13948"}],"wp:featuredmedia":[{"embeddable":true,"href":"https:\/\/baralivres.ma\/index.php?rest_route=\/wp\/v2\/media\/13947"}],"wp:attachment":[{"href":"https:\/\/baralivres.ma\/index.php?rest_route=%2Fwp%2Fv2%2Fmedia&parent=13946"}],"wp:term":[{"taxonomy":"product_cat","embeddable":true,"href":"https:\/\/baralivres.ma\/index.php?rest_route=%2Fwp%2Fv2%2Fproduct_cat&post=13946"},{"taxonomy":"product_tag","embeddable":true,"href":"https:\/\/baralivres.ma\/index.php?rest_route=%2Fwp%2Fv2%2Fproduct_tag&post=13946"}],"curies":[{"name":"wp","href":"https:\/\/api.w.org\/{rel}","templated":true}]}}