{"id":13944,"date":"2023-10-25T12:23:46","date_gmt":"2023-10-25T11:23:46","guid":{"rendered":"https:\/\/baralivres.ma\/?post_type=product&#038;p=13944"},"modified":"2023-10-25T12:23:46","modified_gmt":"2023-10-25T11:23:46","slug":"selene","status":"publish","type":"product","link":"https:\/\/baralivres.ma\/?product=selene","title":{"rendered":"S\u00e9l\u00e9n\u00e9"},"content":{"rendered":"<p>\u00c0 seize ans, S\u00e9l\u00e9n\u00e9 est contrainte de quitter sa ville, Antioche, par sa m\u00e8re, une gu\u00e9risseuse renomm\u00e9e. Elles parcourent l&#8217;empire de Claude, et en plein d\u00e9sert, la m\u00e8re r\u00e9v\u00e8le \u00e0 S\u00e9l\u00e9n\u00e9 le myst\u00e8re de sa naissance avant de d\u00e9c\u00e9der. S&rsquo;ensuit une qu\u00eate qui la m\u00e8ne de Babylone \u00e0 Rome, \u00e0 la d\u00e9couverte des lieux l\u00e9gendaires de l&rsquo;Antiquit\u00e9 pour accomplir sa destin\u00e9e.<\/p>\n","protected":false},"excerpt":{"rendered":"<p>S\u00e9l\u00e9n\u00e9 quitte Antioche avec sa m\u00e8re, d\u00e9couvre un myst\u00e8re de naissance, et entreprend un p\u00e9riple \u00e9pique.<\/p>\n","protected":false},"featured_media":13949,"comment_status":"open","ping_status":"closed","template":"","meta":{"inline_featured_image":false},"product_cat":[204,143],"product_tag":[],"class_list":{"0":"post-13944","1":"product","2":"type-product","3":"status-publish","4":"has-post-thumbnail","6":"product_cat-francais","7":"product_cat-roman","8":"pa_auteurs-barbara-wood","10":"first","11":"instock","12":"shipping-taxable","13":"purchasable","14":"product-type-simple"},"_links":{"self":[{"href":"https:\/\/baralivres.ma\/index.php?rest_route=\/wp\/v2\/product\/13944","targetHints":{"allow":["GET"]}}],"collection":[{"href":"https:\/\/baralivres.ma\/index.php?rest_route=\/wp\/v2\/product"}],"about":[{"href":"https:\/\/baralivres.ma\/index.php?rest_route=\/wp\/v2\/types\/product"}],"replies":[{"embeddable":true,"href":"https:\/\/baralivres.ma\/index.php?rest_route=%2Fwp%2Fv2%2Fcomments&post=13944"}],"version-history":[{"count":1,"href":"https:\/\/baralivres.ma\/index.php?rest_route=\/wp\/v2\/product\/13944\/revisions"}],"predecessor-version":[{"id":13950,"href":"https:\/\/baralivres.ma\/index.php?rest_route=\/wp\/v2\/product\/13944\/revisions\/13950"}],"wp:featuredmedia":[{"embeddable":true,"href":"https:\/\/baralivres.ma\/index.php?rest_route=\/wp\/v2\/media\/13949"}],"wp:attachment":[{"href":"https:\/\/baralivres.ma\/index.php?rest_route=%2Fwp%2Fv2%2Fmedia&parent=13944"}],"wp:term":[{"taxonomy":"product_cat","embeddable":true,"href":"https:\/\/baralivres.ma\/index.php?rest_route=%2Fwp%2Fv2%2Fproduct_cat&post=13944"},{"taxonomy":"product_tag","embeddable":true,"href":"https:\/\/baralivres.ma\/index.php?rest_route=%2Fwp%2Fv2%2Fproduct_tag&post=13944"}],"curies":[{"name":"wp","href":"https:\/\/api.w.org\/{rel}","templated":true}]}}