{"id":13939,"date":"2023-10-25T12:28:45","date_gmt":"2023-10-25T11:28:45","guid":{"rendered":"https:\/\/baralivres.ma\/?post_type=product&#038;p=13939"},"modified":"2024-11-28T15:12:06","modified_gmt":"2024-11-28T14:12:06","slug":"horace","status":"publish","type":"product","link":"https:\/\/baralivres.ma\/?product=horace","title":{"rendered":"Horace"},"content":{"rendered":"<p>Horace est un r\u00e9cit intense de guerre et de rebondissements dans la Rome antique, marqu\u00e9 par la f\u00e9rocit\u00e9 et le fanatisme. Les cit\u00e9s rivales d&rsquo;Albe et de Rome, li\u00e9es par des alliances familiales, d\u00e9cident du sort de leur patrie en choisissant trois champions de chaque camp. Horace, un jeune Romain, est charg\u00e9 d&rsquo;abattre trois hommes qu&rsquo;il conna\u00eet et aime. S&rsquo;il accepte cette mission, il le fera sans haine ni col\u00e8re, et il s&rsquo;y pr\u00e9pare avec joie.<\/p>\n<p>Horace incarne-t-il une brute conditionn\u00e9e \u00e0 tuer pour sa patrie, ou est-il plut\u00f4t un jeune h\u00e9ros de vingt ans, rayonnant de jeunesse et de g\u00e9n\u00e9rosit\u00e9 ?<\/p>\n","protected":false},"excerpt":{"rendered":"<p>Horace, drame intense dans la Rome antique, soul\u00e8ve des questions sur l&rsquo;h\u00e9ro\u00efsme et le devoir patriotique.<\/p>\n","protected":false},"featured_media":13959,"comment_status":"open","ping_status":"closed","template":"","meta":{"inline_featured_image":false},"product_cat":[4097,4096],"product_tag":[],"class_list":{"0":"post-13939","1":"product","2":"type-product","3":"status-publish","4":"has-post-thumbnail","6":"product_cat-francais-les_romans_classique","7":"product_cat-les_romans_classique","8":"pa_auteurs-corneille-pierre","10":"first","11":"instock","12":"shipping-taxable","13":"purchasable","14":"product-type-simple"},"_links":{"self":[{"href":"https:\/\/baralivres.ma\/index.php?rest_route=\/wp\/v2\/product\/13939","targetHints":{"allow":["GET"]}}],"collection":[{"href":"https:\/\/baralivres.ma\/index.php?rest_route=\/wp\/v2\/product"}],"about":[{"href":"https:\/\/baralivres.ma\/index.php?rest_route=\/wp\/v2\/types\/product"}],"replies":[{"embeddable":true,"href":"https:\/\/baralivres.ma\/index.php?rest_route=%2Fwp%2Fv2%2Fcomments&post=13939"}],"version-history":[{"count":1,"href":"https:\/\/baralivres.ma\/index.php?rest_route=\/wp\/v2\/product\/13939\/revisions"}],"predecessor-version":[{"id":13960,"href":"https:\/\/baralivres.ma\/index.php?rest_route=\/wp\/v2\/product\/13939\/revisions\/13960"}],"wp:featuredmedia":[{"embeddable":true,"href":"https:\/\/baralivres.ma\/index.php?rest_route=\/wp\/v2\/media\/13959"}],"wp:attachment":[{"href":"https:\/\/baralivres.ma\/index.php?rest_route=%2Fwp%2Fv2%2Fmedia&parent=13939"}],"wp:term":[{"taxonomy":"product_cat","embeddable":true,"href":"https:\/\/baralivres.ma\/index.php?rest_route=%2Fwp%2Fv2%2Fproduct_cat&post=13939"},{"taxonomy":"product_tag","embeddable":true,"href":"https:\/\/baralivres.ma\/index.php?rest_route=%2Fwp%2Fv2%2Fproduct_tag&post=13939"}],"curies":[{"name":"wp","href":"https:\/\/api.w.org\/{rel}","templated":true}]}}