{"id":13938,"date":"2023-10-25T12:21:00","date_gmt":"2023-10-25T11:21:00","guid":{"rendered":"https:\/\/baralivres.ma\/?post_type=product&#038;p=13938"},"modified":"2023-10-25T12:21:00","modified_gmt":"2023-10-25T11:21:00","slug":"six-ans-deja","status":"publish","type":"product","link":"https:\/\/baralivres.ma\/?product=six-ans-deja","title":{"rendered":"Six ans d\u00e9j\u00e0"},"content":{"rendered":"<p>Impuissant, Jake observe le mariage de Natalie, la femme qu&rsquo;il aime. Leur histoire est d\u00e9sormais termin\u00e9e, et elle lui fait promettre de ne plus jamais la contacter ni d&rsquo;essayer de la revoir. Jake respecte cette promesse pendant six ans, jusqu&rsquo;\u00e0 ce qu&rsquo;il tombe par hasard sur l&rsquo;avis de d\u00e9c\u00e8s de Todd Sanderson, le mari de Natalie. Cependant, lors des fun\u00e9railles, il d\u00e9couvre que la veuve est une totale inconnue. O\u00f9 se trouve donc Natalie ? Pourquoi lui aurait-elle cach\u00e9 la v\u00e9rit\u00e9 ?<\/p>\n<p>D\u00e9termin\u00e9 \u00e0 la retrouver, Jake se retrouve pris au pi\u00e8ge d&rsquo;un complot mortel. Il va d\u00e9couvrir que dans le domaine de l&rsquo;amour, certaines v\u00e9rit\u00e9s peuvent \u00eatre fatales&#8230;<\/p>\n","protected":false},"excerpt":{"rendered":"<p>Jake d\u00e9couvre mensonges de Natalie lors des fun\u00e9railles de son mari. Qu\u00eate de v\u00e9rit\u00e9 devient mortelle.<\/p>\n","protected":false},"featured_media":13941,"comment_status":"open","ping_status":"closed","template":"","meta":{"inline_featured_image":false},"product_cat":[204,143,187],"product_tag":[],"class_list":{"0":"post-13938","1":"product","2":"type-product","3":"status-publish","4":"has-post-thumbnail","6":"product_cat-francais","7":"product_cat-roman","8":"product_cat-thriller","9":"pa_auteurs-harlan-coben","11":"first","12":"instock","13":"shipping-taxable","14":"purchasable","15":"product-type-simple"},"_links":{"self":[{"href":"https:\/\/baralivres.ma\/index.php?rest_route=\/wp\/v2\/product\/13938","targetHints":{"allow":["GET"]}}],"collection":[{"href":"https:\/\/baralivres.ma\/index.php?rest_route=\/wp\/v2\/product"}],"about":[{"href":"https:\/\/baralivres.ma\/index.php?rest_route=\/wp\/v2\/types\/product"}],"replies":[{"embeddable":true,"href":"https:\/\/baralivres.ma\/index.php?rest_route=%2Fwp%2Fv2%2Fcomments&post=13938"}],"version-history":[{"count":1,"href":"https:\/\/baralivres.ma\/index.php?rest_route=\/wp\/v2\/product\/13938\/revisions"}],"predecessor-version":[{"id":13945,"href":"https:\/\/baralivres.ma\/index.php?rest_route=\/wp\/v2\/product\/13938\/revisions\/13945"}],"wp:featuredmedia":[{"embeddable":true,"href":"https:\/\/baralivres.ma\/index.php?rest_route=\/wp\/v2\/media\/13941"}],"wp:attachment":[{"href":"https:\/\/baralivres.ma\/index.php?rest_route=%2Fwp%2Fv2%2Fmedia&parent=13938"}],"wp:term":[{"taxonomy":"product_cat","embeddable":true,"href":"https:\/\/baralivres.ma\/index.php?rest_route=%2Fwp%2Fv2%2Fproduct_cat&post=13938"},{"taxonomy":"product_tag","embeddable":true,"href":"https:\/\/baralivres.ma\/index.php?rest_route=%2Fwp%2Fv2%2Fproduct_tag&post=13938"}],"curies":[{"name":"wp","href":"https:\/\/api.w.org\/{rel}","templated":true}]}}