{"id":13932,"date":"2023-10-25T12:18:40","date_gmt":"2023-10-25T11:18:40","guid":{"rendered":"https:\/\/baralivres.ma\/?post_type=product&#038;p=13932"},"modified":"2023-10-25T12:18:40","modified_gmt":"2023-10-25T11:18:40","slug":"une-chance-de-trop","status":"publish","type":"product","link":"https:\/\/baralivres.ma\/?product=une-chance-de-trop","title":{"rendered":"Une chance de trop"},"content":{"rendered":"<p>Un matin ordinaire, Marc partage le petit d\u00e9jeuner en famille. En un instant, il se retrouve allong\u00e9 dans un lit d&rsquo;h\u00f4pital apr\u00e8s douze jours de coma. Lorsqu&rsquo;il reprend connaissance, deux inspecteurs de police se tiennent \u00e0 son chevet et lui r\u00e9v\u00e8lent les \u00e9v\u00e9nements qui se sont d\u00e9roul\u00e9s pendant son absence, laissant Marc sans voix. Face \u00e0 leur annonce, il se trouve dans l&rsquo;incapacit\u00e9 de fournir une r\u00e9ponse ad\u00e9quate. Il ignore qui a tir\u00e9 sur lui, caus\u00e9 la mort de sa femme, et enlev\u00e9 sa fille de six mois, Tara. \u00c0 y r\u00e9fl\u00e9chir, la v\u00e9ritable \u00e9preuve n&rsquo;est pas la perte de ce qu&rsquo;il ch\u00e9rit le plus au monde, mais plut\u00f4t d&rsquo;\u00eatre d\u00e9sign\u00e9 comme le principal suspect&#8230;<\/p>\n","protected":false},"excerpt":{"rendered":"<p>Marc, apr\u00e8s un coma de douze jours, d\u00e9couvre sa famille assassin\u00e9e et sa fille enlev\u00e9e, devenant le principal suspect.<\/p>\n","protected":false},"featured_media":13934,"comment_status":"open","ping_status":"closed","template":"","meta":{"inline_featured_image":false},"product_cat":[204,143,187],"product_tag":[],"class_list":{"0":"post-13932","1":"product","2":"type-product","3":"status-publish","4":"has-post-thumbnail","6":"product_cat-francais","7":"product_cat-roman","8":"product_cat-thriller","9":"pa_auteurs-harlan-coben","11":"first","12":"instock","13":"shipping-taxable","14":"purchasable","15":"product-type-simple"},"_links":{"self":[{"href":"https:\/\/baralivres.ma\/index.php?rest_route=\/wp\/v2\/product\/13932","targetHints":{"allow":["GET"]}}],"collection":[{"href":"https:\/\/baralivres.ma\/index.php?rest_route=\/wp\/v2\/product"}],"about":[{"href":"https:\/\/baralivres.ma\/index.php?rest_route=\/wp\/v2\/types\/product"}],"replies":[{"embeddable":true,"href":"https:\/\/baralivres.ma\/index.php?rest_route=%2Fwp%2Fv2%2Fcomments&post=13932"}],"version-history":[{"count":1,"href":"https:\/\/baralivres.ma\/index.php?rest_route=\/wp\/v2\/product\/13932\/revisions"}],"predecessor-version":[{"id":13937,"href":"https:\/\/baralivres.ma\/index.php?rest_route=\/wp\/v2\/product\/13932\/revisions\/13937"}],"wp:featuredmedia":[{"embeddable":true,"href":"https:\/\/baralivres.ma\/index.php?rest_route=\/wp\/v2\/media\/13934"}],"wp:attachment":[{"href":"https:\/\/baralivres.ma\/index.php?rest_route=%2Fwp%2Fv2%2Fmedia&parent=13932"}],"wp:term":[{"taxonomy":"product_cat","embeddable":true,"href":"https:\/\/baralivres.ma\/index.php?rest_route=%2Fwp%2Fv2%2Fproduct_cat&post=13932"},{"taxonomy":"product_tag","embeddable":true,"href":"https:\/\/baralivres.ma\/index.php?rest_route=%2Fwp%2Fv2%2Fproduct_tag&post=13932"}],"curies":[{"name":"wp","href":"https:\/\/api.w.org\/{rel}","templated":true}]}}