{"id":13928,"date":"2023-10-25T12:18:13","date_gmt":"2023-10-25T11:18:13","guid":{"rendered":"https:\/\/baralivres.ma\/?post_type=product&#038;p=13928"},"modified":"2024-11-28T15:26:00","modified_gmt":"2024-11-28T14:26:00","slug":"le-cid","status":"publish","type":"product","link":"https:\/\/baralivres.ma\/?product=le-cid","title":{"rendered":"Le Cid"},"content":{"rendered":"<p>Dans une Espagne m\u00e9di\u00e9vale pleine de bravoure, deux jeunes amoureux se d\u00e9chirent et se vouent un amour passionn\u00e9. Pour venger un affront, Rodrigue tue le p\u00e8re de Chim\u00e8ne. L&rsquo;honneur et le devoir exigent la vengeance et la haine, mais elle aime profond\u00e9ment son meurtrier.<\/p>\n<p>Cette pi\u00e8ce est un drame romanesque des plus beaux, vibrants, et jeunes. C&rsquo;est un po\u00e8me d&rsquo;amour o\u00f9 les \u00e9motions surpassent les conventions et la loi, une \u00e9l\u00e9gie de d\u00e9sespoir et de r\u00e9bellion.<\/p>\n<p>Lors de sa cr\u00e9ation, Le Cid rencontra un succ\u00e8s tel qu&rsquo;il fallut ajouter des chaises sur sc\u00e8ne pour accommoder le public. Pendant plus de trois si\u00e8cles, il attire toujours les foules.<\/p>\n","protected":false},"excerpt":{"rendered":"<div class=\"flex-1 overflow-hidden\">\n<div class=\"react-scroll-to-bottom--css-aybqf-79elbk h-full dark:bg-gray-800\">\n<div class=\"react-scroll-to-bottom--css-aybqf-1n7m0yu\">\n<div class=\"flex flex-col text-sm gizmo:pb-9 dark:bg-gray-800\">\n<div class=\"group final-completion w-full text-token-text-primary border-b border-black\/10 gizmo:border-0 dark:border-gray-900\/50 gizmo:dark:border-0 bg-gray-50 gizmo:bg-transparent dark:bg-[#444654] gizmo:dark:bg-transparent\" data-testid=\"conversation-turn-61\">\n<div class=\"p-4 gizmo:py-2 justify-center text-base md:gap-6 md:py-6 m-auto\">\n<div class=\"flex flex-1 gap-4 text-base mx-auto md:gap-6 gizmo:gap-3 gizmo:md:px-5 gizmo:lg:px-1 gizmo:xl:px-5 md:max-w-2xl lg:max-w-[38rem] gizmo:md:max-w-3xl gizmo:lg:max-w-[40rem] gizmo:xl:max-w-[48rem] xl:max-w-3xl }\">\n<div class=\"relative flex w-[calc(100%-50px)] flex-col gizmo:w-full lg:w-[calc(100%-115px)] agent-turn\">\n<div class=\"flex-col gap-1 md:gap-3\">\n<div class=\"flex flex-grow flex-col gap-3 max-w-full\">\n<div class=\"min-h-[20px] flex flex-col items-start gap-3 whitespace-pre-wrap break-words overflow-x-auto\">\n<div class=\"markdown prose w-full break-words dark:prose-invert light\">\n<p>Au c\u0153ur de l&rsquo;Espagne m\u00e9di\u00e9vale, le Cid pr\u00e9sente un amour passionn\u00e9, la vengeance, l&rsquo;honneur, et la r\u00e9bellion.<\/p>\n<\/div>\n<\/div>\n<\/div>\n<div class=\"flex justify-between empty:hidden gizmo:justify-start gizmo:gap-3 lg:block gizmo:lg:flex\">\n<div class=\"text-gray-400 flex self-end lg:self-center justify-center gizmo:lg:justify-start mt-2 gizmo:mt-0 visible lg:gap-1 lg:absolute lg:top-0 lg:translate-x-full lg:right-0 lg:mt-0 lg:pl-2 gap-2 md:gap-3\"><button class=\"flex ml-auto gizmo:ml-0 gap-2 items-center rounded-md p-1 text-xs gizmo:gap-1.5 gizmo:pl-0 dark:text-gray-400 dark:hover:bg-gray-700 dark:hover:text-gray-200 disabled:dark:hover:text-gray-400 hover:bg-gray-100 hover:text-gray-700\"><\/button><\/p>\n<div class=\"flex gap-1 gizmo:gap-3\"><\/div>\n<\/div>\n<\/div>\n<\/div>\n<\/div>\n<\/div>\n<\/div>\n<\/div>\n<div class=\"h-36 md:h-48 flex-shrink-0\"><\/div>\n<p><button class=\"cursor-pointer absolute z-10 rounded-full gizmo:bg-clip-padding border text-gray-600 dark:border-white\/10 dark:bg-white\/10 dark:text-gray-200 right-6 bottom-[124px] md:bottom-[180px] gizmo:md:bottom-[143px] lg:bottom-[120px] border-gray-200 bg-gray-50\"><\/button><\/div>\n<\/div>\n<\/div>\n<\/div>\n<div class=\"w-full pt-2 md:pt-0 border-t md:border-t-0 dark:border-white\/20 md:border-transparent md:dark:border-transparent md:pl-2 gizmo:pl-0 gizmo:md:pl-0 md:w-[calc(100%-.5rem)] absolute bottom-0 left-0 md:bg-vert-light-gradient bg-white dark:bg-gray-800 md:!bg-transparent dark:md:bg-vert-dark-gradient\">\n<div class=\"relative flex h-full flex-1 items-stretch md:flex-col\">\n<div>\n<div class=\"h-full flex ml-1 md:w-full md:m-auto md:mb-4 gap-0 md:gap-2 justify-center\"><\/div>\n<\/div>\n<\/div>\n<\/div>\n","protected":false},"featured_media":13935,"comment_status":"open","ping_status":"closed","template":"","meta":{"inline_featured_image":false},"product_cat":[4097,4096],"product_tag":[],"class_list":{"0":"post-13928","1":"product","2":"type-product","3":"status-publish","4":"has-post-thumbnail","6":"product_cat-francais-les_romans_classique","7":"product_cat-les_romans_classique","8":"pa_auteurs-corneille-pierre","10":"first","11":"instock","12":"shipping-taxable","13":"purchasable","14":"product-type-simple"},"_links":{"self":[{"href":"https:\/\/baralivres.ma\/index.php?rest_route=\/wp\/v2\/product\/13928","targetHints":{"allow":["GET"]}}],"collection":[{"href":"https:\/\/baralivres.ma\/index.php?rest_route=\/wp\/v2\/product"}],"about":[{"href":"https:\/\/baralivres.ma\/index.php?rest_route=\/wp\/v2\/types\/product"}],"replies":[{"embeddable":true,"href":"https:\/\/baralivres.ma\/index.php?rest_route=%2Fwp%2Fv2%2Fcomments&post=13928"}],"version-history":[{"count":2,"href":"https:\/\/baralivres.ma\/index.php?rest_route=\/wp\/v2\/product\/13928\/revisions"}],"predecessor-version":[{"id":13940,"href":"https:\/\/baralivres.ma\/index.php?rest_route=\/wp\/v2\/product\/13928\/revisions\/13940"}],"wp:featuredmedia":[{"embeddable":true,"href":"https:\/\/baralivres.ma\/index.php?rest_route=\/wp\/v2\/media\/13935"}],"wp:attachment":[{"href":"https:\/\/baralivres.ma\/index.php?rest_route=%2Fwp%2Fv2%2Fmedia&parent=13928"}],"wp:term":[{"taxonomy":"product_cat","embeddable":true,"href":"https:\/\/baralivres.ma\/index.php?rest_route=%2Fwp%2Fv2%2Fproduct_cat&post=13928"},{"taxonomy":"product_tag","embeddable":true,"href":"https:\/\/baralivres.ma\/index.php?rest_route=%2Fwp%2Fv2%2Fproduct_tag&post=13928"}],"curies":[{"name":"wp","href":"https:\/\/api.w.org\/{rel}","templated":true}]}}