{"id":13924,"date":"2023-10-25T12:15:05","date_gmt":"2023-10-25T11:15:05","guid":{"rendered":"https:\/\/baralivres.ma\/?post_type=product&#038;p=13924"},"modified":"2023-10-25T12:15:05","modified_gmt":"2023-10-25T11:15:05","slug":"disparu-a-jamais","status":"publish","type":"product","link":"https:\/\/baralivres.ma\/?product=disparu-a-jamais","title":{"rendered":"Disparu \u00e0 jamais"},"content":{"rendered":"<p>Will a d\u00e9cid\u00e9 de mettre un terme \u00e0 toute relation avec son fr\u00e8re, consid\u00e9rant ce dernier comme mort, onze ans apr\u00e8s les \u00e9v\u00e9nements tragiques. Il continue \u00e0 \u00e9viter la question persistante : comment Ken a-t-il pu commettre le viol et le meurtre de leur voisine ? Ken est en cavale depuis le crime et n&rsquo;a donn\u00e9 aucun signe de vie.<\/p>\n<p>Alors qu&rsquo;il est toujours recherch\u00e9 par la police, Ken r\u00e9appara\u00eet soudainement. Au m\u00eame moment, Sheila, la fianc\u00e9e de Will, dispara\u00eet myst\u00e9rieusement. Est-il possible de croire \u00e0 une telle co\u00efncidence ?<\/p>\n","protected":false},"excerpt":{"rendered":"<p>Will coupe les liens avec son criminel de fr\u00e8re, Ken. Ce dernier r\u00e9appara\u00eet alors que Sheila dispara\u00eet.<\/p>\n","protected":false},"featured_media":13930,"comment_status":"open","ping_status":"closed","template":"","meta":{"inline_featured_image":false},"product_cat":[204,143,187],"product_tag":[],"class_list":{"0":"post-13924","1":"product","2":"type-product","3":"status-publish","4":"has-post-thumbnail","6":"product_cat-francais","7":"product_cat-roman","8":"product_cat-thriller","9":"pa_auteurs-harlan-coben","11":"first","12":"instock","13":"shipping-taxable","14":"purchasable","15":"product-type-simple"},"_links":{"self":[{"href":"https:\/\/baralivres.ma\/index.php?rest_route=\/wp\/v2\/product\/13924","targetHints":{"allow":["GET"]}}],"collection":[{"href":"https:\/\/baralivres.ma\/index.php?rest_route=\/wp\/v2\/product"}],"about":[{"href":"https:\/\/baralivres.ma\/index.php?rest_route=\/wp\/v2\/types\/product"}],"replies":[{"embeddable":true,"href":"https:\/\/baralivres.ma\/index.php?rest_route=%2Fwp%2Fv2%2Fcomments&post=13924"}],"version-history":[{"count":1,"href":"https:\/\/baralivres.ma\/index.php?rest_route=\/wp\/v2\/product\/13924\/revisions"}],"predecessor-version":[{"id":13931,"href":"https:\/\/baralivres.ma\/index.php?rest_route=\/wp\/v2\/product\/13924\/revisions\/13931"}],"wp:featuredmedia":[{"embeddable":true,"href":"https:\/\/baralivres.ma\/index.php?rest_route=\/wp\/v2\/media\/13930"}],"wp:attachment":[{"href":"https:\/\/baralivres.ma\/index.php?rest_route=%2Fwp%2Fv2%2Fmedia&parent=13924"}],"wp:term":[{"taxonomy":"product_cat","embeddable":true,"href":"https:\/\/baralivres.ma\/index.php?rest_route=%2Fwp%2Fv2%2Fproduct_cat&post=13924"},{"taxonomy":"product_tag","embeddable":true,"href":"https:\/\/baralivres.ma\/index.php?rest_route=%2Fwp%2Fv2%2Fproduct_tag&post=13924"}],"curies":[{"name":"wp","href":"https:\/\/api.w.org\/{rel}","templated":true}]}}