{"id":13923,"date":"2023-10-25T12:14:45","date_gmt":"2023-10-25T11:14:45","guid":{"rendered":"https:\/\/baralivres.ma\/?post_type=product&#038;p=13923"},"modified":"2023-10-25T12:14:45","modified_gmt":"2023-10-25T11:14:45","slug":"et-que-quelquun-vous-tende-la-main","status":"publish","type":"product","link":"https:\/\/baralivres.ma\/?product=et-que-quelquun-vous-tende-la-main","title":{"rendered":"Et que quelqu&rsquo;un vous tende la main"},"content":{"rendered":"<p>Dans la maison de repos du Jardin des Cyb\u00e8les, accueillant des \u00e2mes meurtries, Val\u00e9rie et Anna rencontrent Charline, propri\u00e9taire d&rsquo;un salon de th\u00e9 voisin. Le salon devient un refuge pour elles. Lorsque Charline est confront\u00e9e \u00e0 une crise personnelle, Val\u00e9rie et Anna mettent de c\u00f4t\u00e9 leurs propres tourments pour la soutenir, les trois femmes entreprennent ensuite un voyage improvis\u00e9 au bord de la mer.<\/p>\n","protected":false},"excerpt":{"rendered":"<p>Le Jardin des Cyb\u00e8les abrite Val\u00e9rie et Anna, qui trouvent soutien et amiti\u00e9 avec Charline, une propri\u00e9taire de salon de th\u00e9.<\/p>\n","protected":false},"featured_media":13927,"comment_status":"open","ping_status":"closed","template":"","meta":{"inline_featured_image":false},"product_cat":[204,143,178],"product_tag":[],"class_list":{"0":"post-13923","1":"product","2":"type-product","3":"status-publish","4":"has-post-thumbnail","6":"product_cat-francais","7":"product_cat-roman","8":"product_cat-contemporain","9":"pa_auteurs-carene-ponte","11":"first","12":"instock","13":"shipping-taxable","14":"purchasable","15":"product-type-simple"},"_links":{"self":[{"href":"https:\/\/baralivres.ma\/index.php?rest_route=\/wp\/v2\/product\/13923","targetHints":{"allow":["GET"]}}],"collection":[{"href":"https:\/\/baralivres.ma\/index.php?rest_route=\/wp\/v2\/product"}],"about":[{"href":"https:\/\/baralivres.ma\/index.php?rest_route=\/wp\/v2\/types\/product"}],"replies":[{"embeddable":true,"href":"https:\/\/baralivres.ma\/index.php?rest_route=%2Fwp%2Fv2%2Fcomments&post=13923"}],"version-history":[{"count":1,"href":"https:\/\/baralivres.ma\/index.php?rest_route=\/wp\/v2\/product\/13923\/revisions"}],"predecessor-version":[{"id":13929,"href":"https:\/\/baralivres.ma\/index.php?rest_route=\/wp\/v2\/product\/13923\/revisions\/13929"}],"wp:featuredmedia":[{"embeddable":true,"href":"https:\/\/baralivres.ma\/index.php?rest_route=\/wp\/v2\/media\/13927"}],"wp:attachment":[{"href":"https:\/\/baralivres.ma\/index.php?rest_route=%2Fwp%2Fv2%2Fmedia&parent=13923"}],"wp:term":[{"taxonomy":"product_cat","embeddable":true,"href":"https:\/\/baralivres.ma\/index.php?rest_route=%2Fwp%2Fv2%2Fproduct_cat&post=13923"},{"taxonomy":"product_tag","embeddable":true,"href":"https:\/\/baralivres.ma\/index.php?rest_route=%2Fwp%2Fv2%2Fproduct_tag&post=13923"}],"curies":[{"name":"wp","href":"https:\/\/api.w.org\/{rel}","templated":true}]}}