{"id":13915,"date":"2023-10-25T12:07:49","date_gmt":"2023-10-25T11:07:49","guid":{"rendered":"https:\/\/baralivres.ma\/?post_type=product&#038;p=13915"},"modified":"2023-10-25T12:07:49","modified_gmt":"2023-10-25T11:07:49","slug":"linconnu-de-la-foret","status":"publish","type":"product","link":"https:\/\/baralivres.ma\/?product=linconnu-de-la-foret","title":{"rendered":"L&rsquo;Inconnu de la for\u00eat"},"content":{"rendered":"<p>Un myst\u00e8re enveloppe sa personne, et il est votre dernier espoir. Wilde, un homme au nom \u00e9nigmatique et \u00e0 un pass\u00e9 obscur, a grandi dans la solitude des bois. Aujourd&rsquo;hui, il exerce ses talents d&rsquo;enqu\u00eateur d&rsquo;une mani\u00e8re peu conventionnelle. Tout vous \u00e9chappe concernant lui, pourtant, il d\u00e9tient la cl\u00e9 pour retrouver votre fille et le lyc\u00e9en disparu, les lib\u00e9rant ainsi d&rsquo;un cruel chantage et d&rsquo;un pi\u00e8ge aux ramifications insondables. Restez \u00e0 ses c\u00f4t\u00e9s, car dans la for\u00eat, de nombreux p\u00e9rils guettent, et les chemins de retour vers la s\u00e9curit\u00e9 sont rares.<\/p>\n","protected":false},"excerpt":{"rendered":"<p>Wilde, l&rsquo;\u00e9nigmatique enqu\u00eateur des bois, est votre seul espoir pour sauver votre fille d&rsquo;un chantage sinistre.<\/p>\n","protected":false},"featured_media":13921,"comment_status":"open","ping_status":"closed","template":"","meta":{"inline_featured_image":false},"product_cat":[204,143,187],"product_tag":[],"class_list":{"0":"post-13915","1":"product","2":"type-product","3":"status-publish","4":"has-post-thumbnail","6":"product_cat-francais","7":"product_cat-roman","8":"product_cat-thriller","9":"pa_auteurs-harlan-coben","11":"first","12":"instock","13":"shipping-taxable","14":"purchasable","15":"product-type-simple"},"_links":{"self":[{"href":"https:\/\/baralivres.ma\/index.php?rest_route=\/wp\/v2\/product\/13915","targetHints":{"allow":["GET"]}}],"collection":[{"href":"https:\/\/baralivres.ma\/index.php?rest_route=\/wp\/v2\/product"}],"about":[{"href":"https:\/\/baralivres.ma\/index.php?rest_route=\/wp\/v2\/types\/product"}],"replies":[{"embeddable":true,"href":"https:\/\/baralivres.ma\/index.php?rest_route=%2Fwp%2Fv2%2Fcomments&post=13915"}],"version-history":[{"count":1,"href":"https:\/\/baralivres.ma\/index.php?rest_route=\/wp\/v2\/product\/13915\/revisions"}],"predecessor-version":[{"id":13922,"href":"https:\/\/baralivres.ma\/index.php?rest_route=\/wp\/v2\/product\/13915\/revisions\/13922"}],"wp:featuredmedia":[{"embeddable":true,"href":"https:\/\/baralivres.ma\/index.php?rest_route=\/wp\/v2\/media\/13921"}],"wp:attachment":[{"href":"https:\/\/baralivres.ma\/index.php?rest_route=%2Fwp%2Fv2%2Fmedia&parent=13915"}],"wp:term":[{"taxonomy":"product_cat","embeddable":true,"href":"https:\/\/baralivres.ma\/index.php?rest_route=%2Fwp%2Fv2%2Fproduct_cat&post=13915"},{"taxonomy":"product_tag","embeddable":true,"href":"https:\/\/baralivres.ma\/index.php?rest_route=%2Fwp%2Fv2%2Fproduct_tag&post=13915"}],"curies":[{"name":"wp","href":"https:\/\/api.w.org\/{rel}","templated":true}]}}