{"id":13911,"date":"2023-10-25T12:06:35","date_gmt":"2023-10-25T11:06:35","guid":{"rendered":"https:\/\/baralivres.ma\/?post_type=product&#038;p=13911"},"modified":"2024-11-28T15:27:37","modified_gmt":"2024-11-28T14:27:37","slug":"fables-livres-i-a-vi","status":"publish","type":"product","link":"https:\/\/baralivres.ma\/?product=fables-livres-i-a-vi","title":{"rendered":"Fables Livres I \u00e0 VI"},"content":{"rendered":"<p>\u00c0 l&rsquo;\u00e2ge de quarante-sept ans, La Fontaine n&rsquo;avait pas connu de grands succ\u00e8s avec ses pi\u00e8ces de th\u00e9\u00e2tre et ses histoires coquines. Cependant, tout change avec les premiers livres de ses Fables, d\u00e9di\u00e9s au Grand Dauphin, le fils a\u00een\u00e9 de Louis XIV. La fable, qu&rsquo;il consid\u00e9rait comme une \u00ab\u00a0chose l\u00e9g\u00e8re\u00a0\u00bb, se transforme en une forme litt\u00e9raire multifacette, incluant r\u00e9cit, com\u00e9die, farce, fabliau, et f\u00e9erie. La Fontaine devient un enchanteur et un sorcier, cr\u00e9ant un op\u00e9ra o\u00f9 les hommes, les animaux et la nature sont observ\u00e9s par un po\u00e8te d&rsquo;une malice et d&rsquo;une sagesse in\u00e9gal\u00e9es. Rien ne peut \u00e9galer son naturel, son rythme, sa musique, sa tendresse et sa libert\u00e9 absolue. Son sourire et sa l\u00e9g\u00e8ret\u00e9 incarnent l&rsquo;apog\u00e9e de l&rsquo;art et semblent presque miraculeux.<\/p>\n","protected":false},"excerpt":{"rendered":"<p>La Fontaine, \u00e0 47 ans, trouve le succ\u00e8s avec ses Fables, une \u0153uvre d&rsquo;une l\u00e9g\u00e8ret\u00e9 et malice miraculeuses.<\/p>\n","protected":false},"featured_media":13918,"comment_status":"open","ping_status":"closed","template":"","meta":{"inline_featured_image":false},"product_cat":[4097,4096],"product_tag":[],"class_list":{"0":"post-13911","1":"product","2":"type-product","3":"status-publish","4":"has-post-thumbnail","6":"product_cat-francais-les_romans_classique","7":"product_cat-les_romans_classique","8":"pa_auteurs-la-fontaine-jean-de","10":"first","11":"instock","12":"shipping-taxable","13":"purchasable","14":"product-type-simple"},"_links":{"self":[{"href":"https:\/\/baralivres.ma\/index.php?rest_route=\/wp\/v2\/product\/13911","targetHints":{"allow":["GET"]}}],"collection":[{"href":"https:\/\/baralivres.ma\/index.php?rest_route=\/wp\/v2\/product"}],"about":[{"href":"https:\/\/baralivres.ma\/index.php?rest_route=\/wp\/v2\/types\/product"}],"replies":[{"embeddable":true,"href":"https:\/\/baralivres.ma\/index.php?rest_route=%2Fwp%2Fv2%2Fcomments&post=13911"}],"version-history":[{"count":1,"href":"https:\/\/baralivres.ma\/index.php?rest_route=\/wp\/v2\/product\/13911\/revisions"}],"predecessor-version":[{"id":13919,"href":"https:\/\/baralivres.ma\/index.php?rest_route=\/wp\/v2\/product\/13911\/revisions\/13919"}],"wp:featuredmedia":[{"embeddable":true,"href":"https:\/\/baralivres.ma\/index.php?rest_route=\/wp\/v2\/media\/13918"}],"wp:attachment":[{"href":"https:\/\/baralivres.ma\/index.php?rest_route=%2Fwp%2Fv2%2Fmedia&parent=13911"}],"wp:term":[{"taxonomy":"product_cat","embeddable":true,"href":"https:\/\/baralivres.ma\/index.php?rest_route=%2Fwp%2Fv2%2Fproduct_cat&post=13911"},{"taxonomy":"product_tag","embeddable":true,"href":"https:\/\/baralivres.ma\/index.php?rest_route=%2Fwp%2Fv2%2Fproduct_tag&post=13911"}],"curies":[{"name":"wp","href":"https:\/\/api.w.org\/{rel}","templated":true}]}}