{"id":13909,"date":"2023-10-25T12:02:11","date_gmt":"2023-10-25T11:02:11","guid":{"rendered":"https:\/\/baralivres.ma\/?post_type=product&#038;p=13909"},"modified":"2023-10-25T12:02:11","modified_gmt":"2023-10-25T11:02:11","slug":"ne-teloigne-pas","status":"publish","type":"product","link":"https:\/\/baralivres.ma\/?product=ne-teloigne-pas","title":{"rendered":"Ne t&rsquo;\u00e9loigne pas"},"content":{"rendered":"<p>Quand le pass\u00e9 tumultueux d&rsquo;une m\u00e8re de famille exemplaire et ancienne strip-teaseuse refait surface, macul\u00e9 de sang&#8230;<\/p>\n<p>Megan incarne parfaitement le r\u00f4le de m\u00e8re et d&rsquo;\u00e9pouse, dissimulant une jeunesse sulfureuse qu&rsquo;elle a \u00e9t\u00e9 contrainte d&rsquo;abandonner il y a 17 ans. Ray, autrefois un photographe c\u00e9l\u00e8bre, regrette am\u00e8rement la perte de son statut de reporter photo et la gloire qu&rsquo;il a connue, disparues suite \u00e0 un drame survenu 17 ans auparavant. Broome est un commissaire hant\u00e9 par une ancienne affaire : la myst\u00e9rieuse disparition de Stewart Greene, survenue \u00e0 la sortie d&rsquo;un club \u00e0 Atlantic City il y a 17 ans. Une nouvelle disparition, dans le m\u00eame lieu et dans des circonstances identiques, accompagn\u00e9e de clich\u00e9s anonymes, va r\u00e9veiller d&rsquo;anciens crimes et mettre \u00e0 nu, derri\u00e8re les cl\u00f4tures immacul\u00e9es, les c\u00f4t\u00e9s sombres du r\u00eave am\u00e9ricain.<\/p>\n","protected":false},"excerpt":{"rendered":"<p>Pass\u00e9 sulfureux refait surface, r\u00e9v\u00e9lant meurtres anciens, impactant vies de Megan, Ray, et commissaire Broome. R\u00eave am\u00e9ricain terni.<\/p>\n","protected":false},"featured_media":13912,"comment_status":"open","ping_status":"closed","template":"","meta":{"inline_featured_image":false},"product_cat":[204,143,187],"product_tag":[],"class_list":{"0":"post-13909","1":"product","2":"type-product","3":"status-publish","4":"has-post-thumbnail","6":"product_cat-francais","7":"product_cat-roman","8":"product_cat-thriller","9":"pa_auteurs-harlan-coben","11":"first","12":"instock","13":"shipping-taxable","14":"purchasable","15":"product-type-simple"},"_links":{"self":[{"href":"https:\/\/baralivres.ma\/index.php?rest_route=\/wp\/v2\/product\/13909","targetHints":{"allow":["GET"]}}],"collection":[{"href":"https:\/\/baralivres.ma\/index.php?rest_route=\/wp\/v2\/product"}],"about":[{"href":"https:\/\/baralivres.ma\/index.php?rest_route=\/wp\/v2\/types\/product"}],"replies":[{"embeddable":true,"href":"https:\/\/baralivres.ma\/index.php?rest_route=%2Fwp%2Fv2%2Fcomments&post=13909"}],"version-history":[{"count":1,"href":"https:\/\/baralivres.ma\/index.php?rest_route=\/wp\/v2\/product\/13909\/revisions"}],"predecessor-version":[{"id":13913,"href":"https:\/\/baralivres.ma\/index.php?rest_route=\/wp\/v2\/product\/13909\/revisions\/13913"}],"wp:featuredmedia":[{"embeddable":true,"href":"https:\/\/baralivres.ma\/index.php?rest_route=\/wp\/v2\/media\/13912"}],"wp:attachment":[{"href":"https:\/\/baralivres.ma\/index.php?rest_route=%2Fwp%2Fv2%2Fmedia&parent=13909"}],"wp:term":[{"taxonomy":"product_cat","embeddable":true,"href":"https:\/\/baralivres.ma\/index.php?rest_route=%2Fwp%2Fv2%2Fproduct_cat&post=13909"},{"taxonomy":"product_tag","embeddable":true,"href":"https:\/\/baralivres.ma\/index.php?rest_route=%2Fwp%2Fv2%2Fproduct_tag&post=13909"}],"curies":[{"name":"wp","href":"https:\/\/api.w.org\/{rel}","templated":true}]}}