{"id":13903,"date":"2023-10-25T12:00:04","date_gmt":"2023-10-25T11:00:04","guid":{"rendered":"https:\/\/baralivres.ma\/?post_type=product&#038;p=13903"},"modified":"2023-10-25T12:00:05","modified_gmt":"2023-10-25T11:00:05","slug":"tu-as-promis-que-tu-vivrais-pour-moi","status":"publish","type":"product","link":"https:\/\/baralivres.ma\/?product=tu-as-promis-que-tu-vivrais-pour-moi","title":{"rendered":"Tu as promis que tu vivrais pour moi"},"content":{"rendered":"<p>\u00c0 l&rsquo;\u00e2ge de trente ans, Molly fait face \u00e0 la perte de sa meilleure amie, Marie, emport\u00e9e par la maladie. Avant de d\u00e9c\u00e9der, Marie lui fait une demande sp\u00e9ciale : vivre pleinement en son nom. Molly accepte, mais se demande par o\u00f9 commencer. Doit-elle quitter son emploi de serveuse ? Mettre fin \u00e0 sa relation avec Germain, un homme gentil malgr\u00e9 ses bizarreries ? Quelques jours apr\u00e8s l&rsquo;enterrement, Molly re\u00e7oit un paquet myst\u00e9rieux contenant douze lettres de Marie, r\u00e9alisant que son engagement la conduira bien plus loin que pr\u00e9vu.<\/p>\n","protected":false},"excerpt":{"rendered":"<p>Molly perd sa meilleure amie Marie et accepte sa demande de vivre pleinement en recevant douze lettres.<\/p>\n","protected":false},"featured_media":13908,"comment_status":"open","ping_status":"closed","template":"","meta":{"inline_featured_image":false},"product_cat":[204,143],"product_tag":[],"class_list":{"0":"post-13903","1":"product","2":"type-product","3":"status-publish","4":"has-post-thumbnail","6":"product_cat-francais","7":"product_cat-roman","8":"pa_auteurs-carene-ponte","10":"first","11":"instock","12":"shipping-taxable","13":"purchasable","14":"product-type-simple"},"_links":{"self":[{"href":"https:\/\/baralivres.ma\/index.php?rest_route=\/wp\/v2\/product\/13903","targetHints":{"allow":["GET"]}}],"collection":[{"href":"https:\/\/baralivres.ma\/index.php?rest_route=\/wp\/v2\/product"}],"about":[{"href":"https:\/\/baralivres.ma\/index.php?rest_route=\/wp\/v2\/types\/product"}],"replies":[{"embeddable":true,"href":"https:\/\/baralivres.ma\/index.php?rest_route=%2Fwp%2Fv2%2Fcomments&post=13903"}],"version-history":[{"count":1,"href":"https:\/\/baralivres.ma\/index.php?rest_route=\/wp\/v2\/product\/13903\/revisions"}],"predecessor-version":[{"id":13910,"href":"https:\/\/baralivres.ma\/index.php?rest_route=\/wp\/v2\/product\/13903\/revisions\/13910"}],"wp:featuredmedia":[{"embeddable":true,"href":"https:\/\/baralivres.ma\/index.php?rest_route=\/wp\/v2\/media\/13908"}],"wp:attachment":[{"href":"https:\/\/baralivres.ma\/index.php?rest_route=%2Fwp%2Fv2%2Fmedia&parent=13903"}],"wp:term":[{"taxonomy":"product_cat","embeddable":true,"href":"https:\/\/baralivres.ma\/index.php?rest_route=%2Fwp%2Fv2%2Fproduct_cat&post=13903"},{"taxonomy":"product_tag","embeddable":true,"href":"https:\/\/baralivres.ma\/index.php?rest_route=%2Fwp%2Fv2%2Fproduct_tag&post=13903"}],"curies":[{"name":"wp","href":"https:\/\/api.w.org\/{rel}","templated":true}]}}