{"id":13900,"date":"2023-10-25T11:58:41","date_gmt":"2023-10-25T10:58:41","guid":{"rendered":"https:\/\/baralivres.ma\/?post_type=product&#038;p=13900"},"modified":"2023-10-25T11:58:42","modified_gmt":"2023-10-25T10:58:42","slug":"intimidation","status":"publish","type":"product","link":"https:\/\/baralivres.ma\/?product=intimidation","title":{"rendered":"Intimidation"},"content":{"rendered":"<p>Une famille ais\u00e9e r\u00e9sidant en banlieue, qui para\u00eet tout \u00e0 fait ordinaire, voit son id\u00e9al de r\u00e9ussite am\u00e9ricaine bris\u00e9 lorsque les secrets du pass\u00e9 ressurgissent, entra\u00eenant la myst\u00e9rieuse disparition de la m\u00e8re de famille.<\/p>\n<p>Dans un bar d&rsquo;une banlieue chic du New Jersey, Adam Price, un avocat au train de vie sans histoire, est approch\u00e9 par un inconnu qui lui r\u00e9v\u00e8le que Corinne, sa femme depuis dix-huit ans, a menti au sujet de sa grossesse. Ces r\u00e9v\u00e9lations sont assorties de d\u00e9tails suffisamment pr\u00e9cis pour semer le doute dans la vie d&rsquo;Adam, le plongeant dans un tourbillon d&rsquo;incertitude. Sa qui\u00e9tude, son bonheur, et son sentiment de s\u00e9curit\u00e9 s&rsquo;\u00e9vanouissent soudainement dans l&rsquo;atmosph\u00e8re printani\u00e8re. Tiraill\u00e9 entre l&rsquo;inqui\u00e9tude et le sentiment de trahison, Adam d\u00e9cide de d\u00e9voiler la v\u00e9rit\u00e9. Mais quelles sont les limites lorsqu&rsquo;on se sent trahi par ses proches ?<\/p>\n","protected":false},"excerpt":{"rendered":"<p>Famille ais\u00e9e de banlieue, secrets du pass\u00e9, disparition de la m\u00e8re, mensonges, qu\u00eate de v\u00e9rit\u00e9.<\/p>\n","protected":false},"featured_media":13906,"comment_status":"open","ping_status":"closed","template":"","meta":{"inline_featured_image":false},"product_cat":[204,143,187],"product_tag":[],"class_list":{"0":"post-13900","1":"product","2":"type-product","3":"status-publish","4":"has-post-thumbnail","6":"product_cat-francais","7":"product_cat-roman","8":"product_cat-thriller","9":"pa_auteurs-harlan-coben","11":"first","12":"instock","13":"shipping-taxable","14":"purchasable","15":"product-type-simple"},"_links":{"self":[{"href":"https:\/\/baralivres.ma\/index.php?rest_route=\/wp\/v2\/product\/13900","targetHints":{"allow":["GET"]}}],"collection":[{"href":"https:\/\/baralivres.ma\/index.php?rest_route=\/wp\/v2\/product"}],"about":[{"href":"https:\/\/baralivres.ma\/index.php?rest_route=\/wp\/v2\/types\/product"}],"replies":[{"embeddable":true,"href":"https:\/\/baralivres.ma\/index.php?rest_route=%2Fwp%2Fv2%2Fcomments&post=13900"}],"version-history":[{"count":1,"href":"https:\/\/baralivres.ma\/index.php?rest_route=\/wp\/v2\/product\/13900\/revisions"}],"predecessor-version":[{"id":13907,"href":"https:\/\/baralivres.ma\/index.php?rest_route=\/wp\/v2\/product\/13900\/revisions\/13907"}],"wp:featuredmedia":[{"embeddable":true,"href":"https:\/\/baralivres.ma\/index.php?rest_route=\/wp\/v2\/media\/13906"}],"wp:attachment":[{"href":"https:\/\/baralivres.ma\/index.php?rest_route=%2Fwp%2Fv2%2Fmedia&parent=13900"}],"wp:term":[{"taxonomy":"product_cat","embeddable":true,"href":"https:\/\/baralivres.ma\/index.php?rest_route=%2Fwp%2Fv2%2Fproduct_cat&post=13900"},{"taxonomy":"product_tag","embeddable":true,"href":"https:\/\/baralivres.ma\/index.php?rest_route=%2Fwp%2Fv2%2Fproduct_tag&post=13900"}],"curies":[{"name":"wp","href":"https:\/\/api.w.org\/{rel}","templated":true}]}}