{"id":13896,"date":"2023-10-25T11:57:43","date_gmt":"2023-10-25T10:57:43","guid":{"rendered":"https:\/\/baralivres.ma\/?post_type=product&#038;p=13896"},"modified":"2024-11-28T17:25:37","modified_gmt":"2024-11-28T16:25:37","slug":"le-prince","status":"publish","type":"product","link":"https:\/\/baralivres.ma\/?product=le-prince","title":{"rendered":"Le Prince"},"content":{"rendered":"<p>Machiavel, un haut fonctionnaire florentin, adresse un livre aux M\u00e9dicis pour regagner leur faveur. Le livre, \u00e9crit il y a cinq si\u00e8cles, \u00e9nonce les principes de la \u00ab\u00a0realpolitik\u00a0\u00bb. Il traite de la conqu\u00eate et de la conservation du pouvoir, de la pr\u00e9servation des monarchies, des moyens \u00e0 utiliser, de l&rsquo;importance de la fortune et de la force par rapport \u00e0 la religion et \u00e0 la morale, ainsi que de l&rsquo;utilisation de la propagande d&rsquo;\u00c9tat. Machiavel, r\u00e9aliste quant \u00e0 la nature humaine, \u00e9tait en fait oppos\u00e9 \u00e0 la tyrannie. Pragmatique, il \u00e9tait au fond un r\u00e9publicain de c\u0153ur, regrettant la perte de la r\u00e9publique de Florence aux mains des nobles et des banquiers.<\/p>\n","protected":false},"excerpt":{"rendered":"<p>Machiavel adresse un livre aux M\u00e9dicis, exposant les principes de la \u00ab\u00a0realpolitik\u00a0\u00bb pour conqu\u00e9rir et conserver le pouvoir.<\/p>\n","protected":false},"featured_media":13904,"comment_status":"open","ping_status":"closed","template":"","meta":{"inline_featured_image":false},"product_cat":[4097,4096],"product_tag":[],"class_list":{"0":"post-13896","1":"product","2":"type-product","3":"status-publish","4":"has-post-thumbnail","6":"product_cat-francais-les_romans_classique","7":"product_cat-les_romans_classique","8":"pa_auteurs-machiavel","10":"first","11":"instock","12":"shipping-taxable","13":"purchasable","14":"product-type-simple"},"_links":{"self":[{"href":"https:\/\/baralivres.ma\/index.php?rest_route=\/wp\/v2\/product\/13896","targetHints":{"allow":["GET"]}}],"collection":[{"href":"https:\/\/baralivres.ma\/index.php?rest_route=\/wp\/v2\/product"}],"about":[{"href":"https:\/\/baralivres.ma\/index.php?rest_route=\/wp\/v2\/types\/product"}],"replies":[{"embeddable":true,"href":"https:\/\/baralivres.ma\/index.php?rest_route=%2Fwp%2Fv2%2Fcomments&post=13896"}],"version-history":[{"count":1,"href":"https:\/\/baralivres.ma\/index.php?rest_route=\/wp\/v2\/product\/13896\/revisions"}],"predecessor-version":[{"id":13905,"href":"https:\/\/baralivres.ma\/index.php?rest_route=\/wp\/v2\/product\/13896\/revisions\/13905"}],"wp:featuredmedia":[{"embeddable":true,"href":"https:\/\/baralivres.ma\/index.php?rest_route=\/wp\/v2\/media\/13904"}],"wp:attachment":[{"href":"https:\/\/baralivres.ma\/index.php?rest_route=%2Fwp%2Fv2%2Fmedia&parent=13896"}],"wp:term":[{"taxonomy":"product_cat","embeddable":true,"href":"https:\/\/baralivres.ma\/index.php?rest_route=%2Fwp%2Fv2%2Fproduct_cat&post=13896"},{"taxonomy":"product_tag","embeddable":true,"href":"https:\/\/baralivres.ma\/index.php?rest_route=%2Fwp%2Fv2%2Fproduct_tag&post=13896"}],"curies":[{"name":"wp","href":"https:\/\/api.w.org\/{rel}","templated":true}]}}