{"id":13893,"date":"2023-10-25T11:54:14","date_gmt":"2023-10-25T10:54:14","guid":{"rendered":"https:\/\/baralivres.ma\/?post_type=product&#038;p=13893"},"modified":"2023-10-25T11:54:14","modified_gmt":"2023-10-25T10:54:14","slug":"a-toute-epreuve","status":"publish","type":"product","link":"https:\/\/baralivres.ma\/?product=a-toute-epreuve","title":{"rendered":"A toute \u00e9preuve"},"content":{"rendered":"<p>Entre pressions, d\u00e9loyaut\u00e9, enl\u00e8vements, Mickey r\u00e9ussira-t-il \u00e0 finalement retrouver son p\u00e8re ? La conclusion de la trilogie mettant en sc\u00e8ne Mickey Bolitar.<\/p>\n<p>Par moments, Mickey souhaiterait simplement mener une vie de lyc\u00e9en ordinaire. \u00catre int\u00e9gr\u00e9 au sein de son \u00e9quipe de basket, passer du temps avec ses amis, fr\u00e9quenter la magnifique Rachel&#8230; Cependant, Mickey est un Bolitar, et avec ce nom viennent des obligations.<\/p>\n<p>Il doit r\u00e9soudre une s\u00e9rie d&rsquo;\u00e9nigmes li\u00e9es aux myst\u00e9rieuses disparitions secouant son \u00e9tablissement scolaire. Il doit aider Jared, un individu que l&rsquo;amie d&rsquo;Ema, qu&rsquo;elle conna\u00eet uniquement en ligne, a perdu de vue. Et il doit \u00e9galement \u00e9lucider les circonstances entourant la mort de son p\u00e8re.<\/p>\n<p>Oui, Mickey est indubitablement un Bolitar, et tout comme son oncle Myron, il sera confront\u00e9 au co\u00fbt de la qu\u00eate de la v\u00e9rit\u00e9.<\/p>\n","protected":false},"excerpt":{"rendered":"<p>Mickey Bolitar, adolescent Bolitar, enqu\u00eate sur disparitions, secrets familiaux, et \u00e9quilibre entre lyc\u00e9e et responsabilit\u00e9s familiales.<\/p>\n","protected":false},"featured_media":13898,"comment_status":"open","ping_status":"closed","template":"","meta":{"inline_featured_image":false},"product_cat":[204,143,187],"product_tag":[],"class_list":{"0":"post-13893","1":"product","2":"type-product","3":"status-publish","4":"has-post-thumbnail","6":"product_cat-francais","7":"product_cat-roman","8":"product_cat-thriller","9":"pa_auteurs-harlan-coben","11":"first","12":"instock","13":"shipping-taxable","14":"purchasable","15":"product-type-simple"},"_links":{"self":[{"href":"https:\/\/baralivres.ma\/index.php?rest_route=\/wp\/v2\/product\/13893","targetHints":{"allow":["GET"]}}],"collection":[{"href":"https:\/\/baralivres.ma\/index.php?rest_route=\/wp\/v2\/product"}],"about":[{"href":"https:\/\/baralivres.ma\/index.php?rest_route=\/wp\/v2\/types\/product"}],"replies":[{"embeddable":true,"href":"https:\/\/baralivres.ma\/index.php?rest_route=%2Fwp%2Fv2%2Fcomments&post=13893"}],"version-history":[{"count":1,"href":"https:\/\/baralivres.ma\/index.php?rest_route=\/wp\/v2\/product\/13893\/revisions"}],"predecessor-version":[{"id":13899,"href":"https:\/\/baralivres.ma\/index.php?rest_route=\/wp\/v2\/product\/13893\/revisions\/13899"}],"wp:featuredmedia":[{"embeddable":true,"href":"https:\/\/baralivres.ma\/index.php?rest_route=\/wp\/v2\/media\/13898"}],"wp:attachment":[{"href":"https:\/\/baralivres.ma\/index.php?rest_route=%2Fwp%2Fv2%2Fmedia&parent=13893"}],"wp:term":[{"taxonomy":"product_cat","embeddable":true,"href":"https:\/\/baralivres.ma\/index.php?rest_route=%2Fwp%2Fv2%2Fproduct_cat&post=13893"},{"taxonomy":"product_tag","embeddable":true,"href":"https:\/\/baralivres.ma\/index.php?rest_route=%2Fwp%2Fv2%2Fproduct_tag&post=13893"}],"curies":[{"name":"wp","href":"https:\/\/api.w.org\/{rel}","templated":true}]}}