{"id":13888,"date":"2023-10-25T11:50:53","date_gmt":"2023-10-25T10:50:53","guid":{"rendered":"https:\/\/baralivres.ma\/?post_type=product&#038;p=13888"},"modified":"2023-10-25T11:50:54","modified_gmt":"2023-10-25T10:50:54","slug":"par-accident","status":"publish","type":"product","link":"https:\/\/baralivres.ma\/?product=par-accident","title":{"rendered":"Par accident"},"content":{"rendered":"<p>Il y a une quinzaine d&rsquo;ann\u00e9es, la vie de Nap Dumas a \u00e9t\u00e9 boulevers\u00e9e lorsque son fr\u00e8re jumeau et la petite amie de ce dernier ont \u00e9t\u00e9 d\u00e9couverts morts sur une voie ferr\u00e9e. S&rsquo;agissait-il d&rsquo;un double suicide amoureux ? Nap n&rsquo;a jamais souscrit \u00e0 cette th\u00e9orie.<\/p>\n<p>\u00c0 pr\u00e9sent officier de police, le pass\u00e9 refait surface lorsque Rex, leur ami d&rsquo;enfance, est atrocement assassin\u00e9. Sur la sc\u00e8ne du crime, les empreintes d&rsquo;une femme que Nap croyait disparue refont surface : Maura, son amour de jeunesse, dont il n&rsquo;avait pas eu de nouvelles depuis quinze ans. C&rsquo;est un choc absolu pour le policier. Pourrait-il s&rsquo;av\u00e9rer que la femme qu&rsquo;il a aim\u00e9e soit en r\u00e9alit\u00e9 une psychopathe dangereuse ? O\u00f9 est Maura ? Et que se passerait-il s&rsquo;il \u00e9tait la prochaine cible sur sa liste ? La v\u00e9rit\u00e9 est sur le point d&rsquo;\u00e9clater, bien plus \u00e9prouvante et mena\u00e7ante que tout ce que Nap aurait pu imaginer&#8230;<\/p>\n","protected":false},"excerpt":{"rendered":"<p>Le pass\u00e9 hante Nap quand son amour de jeunesse, Maura, r\u00e9appara\u00eet li\u00e9e \u00e0 des meurtres myst\u00e9rieux.<\/p>\n","protected":false},"featured_media":13891,"comment_status":"open","ping_status":"closed","template":"","meta":{"inline_featured_image":false},"product_cat":[204,187],"product_tag":[],"class_list":{"0":"post-13888","1":"product","2":"type-product","3":"status-publish","4":"has-post-thumbnail","6":"product_cat-francais","7":"product_cat-thriller","8":"pa_auteurs-harlan-coben","10":"first","11":"instock","12":"shipping-taxable","13":"purchasable","14":"product-type-simple"},"_links":{"self":[{"href":"https:\/\/baralivres.ma\/index.php?rest_route=\/wp\/v2\/product\/13888","targetHints":{"allow":["GET"]}}],"collection":[{"href":"https:\/\/baralivres.ma\/index.php?rest_route=\/wp\/v2\/product"}],"about":[{"href":"https:\/\/baralivres.ma\/index.php?rest_route=\/wp\/v2\/types\/product"}],"replies":[{"embeddable":true,"href":"https:\/\/baralivres.ma\/index.php?rest_route=%2Fwp%2Fv2%2Fcomments&post=13888"}],"version-history":[{"count":1,"href":"https:\/\/baralivres.ma\/index.php?rest_route=\/wp\/v2\/product\/13888\/revisions"}],"predecessor-version":[{"id":13892,"href":"https:\/\/baralivres.ma\/index.php?rest_route=\/wp\/v2\/product\/13888\/revisions\/13892"}],"wp:featuredmedia":[{"embeddable":true,"href":"https:\/\/baralivres.ma\/index.php?rest_route=\/wp\/v2\/media\/13891"}],"wp:attachment":[{"href":"https:\/\/baralivres.ma\/index.php?rest_route=%2Fwp%2Fv2%2Fmedia&parent=13888"}],"wp:term":[{"taxonomy":"product_cat","embeddable":true,"href":"https:\/\/baralivres.ma\/index.php?rest_route=%2Fwp%2Fv2%2Fproduct_cat&post=13888"},{"taxonomy":"product_tag","embeddable":true,"href":"https:\/\/baralivres.ma\/index.php?rest_route=%2Fwp%2Fv2%2Fproduct_tag&post=13888"}],"curies":[{"name":"wp","href":"https:\/\/api.w.org\/{rel}","templated":true}]}}