{"id":13883,"date":"2023-10-25T11:52:20","date_gmt":"2023-10-25T10:52:20","guid":{"rendered":"https:\/\/baralivres.ma\/?post_type=product&#038;p=13883"},"modified":"2024-11-28T17:26:02","modified_gmt":"2024-11-28T16:26:02","slug":"la-princesse-de-cleves","status":"publish","type":"product","link":"https:\/\/baralivres.ma\/?product=la-princesse-de-cleves","title":{"rendered":"La Princesse de Cl\u00e8ves"},"content":{"rendered":"<p>Ce roman tant attendu, \u00e9voquant l&rsquo;amour tumultueux, la passion et la mort, \u00e9tait pr\u00e9par\u00e9 en secret pendant six ans. Il promettait d&rsquo;\u00eatre un chef-d&rsquo;\u0153uvre intemporel.<\/p>\n<p>Dans le cadre de la cour d&rsquo;Henri II, Mademoiselle de Chartres rencontre le prince de Cl\u00e8ves et l&rsquo;\u00e9pouse. Cependant, lors d&rsquo;un bal \u00e0 la Cour peu apr\u00e8s le mariage, elle tombe \u00e9perdument amoureuse du duc de Nemours. Malgr\u00e9 l&rsquo;intensit\u00e9 de leurs sentiments, les deux amants gardent le silence. Finalement, Madame de Cl\u00e8ves, mod\u00e8le de vertu, confesse son amour coupable \u00e0 son mari. Cet aveu ne fait qu&rsquo;aggraver les choses, plongeant le prince dans la suspicion et la jalousie. D\u00e9sormais, c&rsquo;est \u00e0 la princesse de prendre en main son destin.<\/p>\n","protected":false},"excerpt":{"rendered":"<div class=\"group final-completion w-full text-token-text-primary border-b border-black\/10 gizmo:border-0 dark:border-gray-900\/50 gizmo:dark:border-0 bg-gray-50 gizmo:bg-transparent dark:bg-[#444654] gizmo:dark:bg-transparent\" data-testid=\"conversation-turn-45\">\n<div class=\"p-4 gizmo:py-2 justify-center text-base md:gap-6 md:py-6 m-auto\">\n<div class=\"flex flex-1 gap-4 text-base mx-auto md:gap-6 gizmo:gap-3 gizmo:md:px-5 gizmo:lg:px-1 gizmo:xl:px-5 md:max-w-2xl lg:max-w-[38rem] gizmo:md:max-w-3xl gizmo:lg:max-w-[40rem] gizmo:xl:max-w-[48rem] xl:max-w-3xl }\">\n<div class=\"relative flex w-[calc(100%-50px)] flex-col gizmo:w-full lg:w-[calc(100%-115px)] agent-turn\">\n<div class=\"flex-col gap-1 md:gap-3\">\n<div class=\"flex flex-grow flex-col gap-3 max-w-full\">\n<div class=\"min-h-[20px] flex flex-col items-start gap-3 whitespace-pre-wrap break-words overflow-x-auto\">\n<div class=\"markdown prose w-full break-words dark:prose-invert light\">\n<p>Roman d&rsquo;amour, de passion et de secret \u00e0 la cour d&rsquo;Henri II, d\u00e9voilant les tourments du c\u0153ur.<\/p>\n<\/div>\n<\/div>\n<\/div>\n<div class=\"flex justify-between empty:hidden gizmo:justify-start gizmo:gap-3 lg:block gizmo:lg:flex\">\n<div class=\"text-gray-400 flex self-end lg:self-center justify-center gizmo:lg:justify-start mt-2 gizmo:mt-0 visible lg:gap-1 lg:absolute lg:top-0 lg:translate-x-full lg:right-0 lg:mt-0 lg:pl-2 gap-2 md:gap-3\"><button class=\"flex ml-auto gizmo:ml-0 gap-2 items-center rounded-md p-1 text-xs gizmo:gap-1.5 gizmo:pl-0 dark:text-gray-400 dark:hover:bg-gray-700 dark:hover:text-gray-200 disabled:dark:hover:text-gray-400 hover:bg-gray-100 hover:text-gray-700\"><\/button><\/p>\n<div class=\"flex gap-1 gizmo:gap-3\"><\/div>\n<\/div>\n<\/div>\n<\/div>\n<\/div>\n<\/div>\n<\/div>\n<\/div>\n","protected":false},"featured_media":13894,"comment_status":"open","ping_status":"closed","template":"","meta":{"inline_featured_image":false},"product_cat":[4097,4096],"product_tag":[],"class_list":{"0":"post-13883","1":"product","2":"type-product","3":"status-publish","4":"has-post-thumbnail","6":"product_cat-francais-les_romans_classique","7":"product_cat-les_romans_classique","8":"pa_auteurs-madame-de-lafayette","10":"first","11":"instock","12":"shipping-taxable","13":"purchasable","14":"product-type-simple"},"_links":{"self":[{"href":"https:\/\/baralivres.ma\/index.php?rest_route=\/wp\/v2\/product\/13883","targetHints":{"allow":["GET"]}}],"collection":[{"href":"https:\/\/baralivres.ma\/index.php?rest_route=\/wp\/v2\/product"}],"about":[{"href":"https:\/\/baralivres.ma\/index.php?rest_route=\/wp\/v2\/types\/product"}],"replies":[{"embeddable":true,"href":"https:\/\/baralivres.ma\/index.php?rest_route=%2Fwp%2Fv2%2Fcomments&post=13883"}],"version-history":[{"count":1,"href":"https:\/\/baralivres.ma\/index.php?rest_route=\/wp\/v2\/product\/13883\/revisions"}],"predecessor-version":[{"id":13895,"href":"https:\/\/baralivres.ma\/index.php?rest_route=\/wp\/v2\/product\/13883\/revisions\/13895"}],"wp:featuredmedia":[{"embeddable":true,"href":"https:\/\/baralivres.ma\/index.php?rest_route=\/wp\/v2\/media\/13894"}],"wp:attachment":[{"href":"https:\/\/baralivres.ma\/index.php?rest_route=%2Fwp%2Fv2%2Fmedia&parent=13883"}],"wp:term":[{"taxonomy":"product_cat","embeddable":true,"href":"https:\/\/baralivres.ma\/index.php?rest_route=%2Fwp%2Fv2%2Fproduct_cat&post=13883"},{"taxonomy":"product_tag","embeddable":true,"href":"https:\/\/baralivres.ma\/index.php?rest_route=%2Fwp%2Fv2%2Fproduct_tag&post=13883"}],"curies":[{"name":"wp","href":"https:\/\/api.w.org\/{rel}","templated":true}]}}