{"id":13880,"date":"2023-10-25T11:47:59","date_gmt":"2023-10-25T10:47:59","guid":{"rendered":"https:\/\/baralivres.ma\/?post_type=product&#038;p=13880"},"modified":"2023-10-25T11:48:00","modified_gmt":"2023-10-25T10:48:00","slug":"tu-me-manques","status":"publish","type":"product","link":"https:\/\/baralivres.ma\/?product=tu-me-manques","title":{"rendered":"Tu me manques"},"content":{"rendered":"<p>Peuvent ces falsifications qui nous unissent \u00e9galement causer notre perte ?<\/p>\n<p>Kat Donovan occupe le poste de polici\u00e8re \u00e0 New York, suivant ainsi les traces de son p\u00e8re et de son grand-p\u00e8re, presque comme une mal\u00e9diction familiale. Bien qu&rsquo;elle soit jeune et plut\u00f4t s\u00e9duisante, elle demeure c\u00e9libataire. Cependant, lorsque sa magnifique amie Stacy la pousse \u00e0 s&rsquo;inscrire sur un site de rencontres, Kat se laisse tenter. Elle se connecte, explore&#8230; et d\u00e9couvre soudainement Jeff, son tout premier amour, qui l&rsquo;avait abandonn\u00e9e sans explication apr\u00e8s le meurtre de son p\u00e8re, dix-huit ans auparavant. Apr\u00e8s un premier \u00e9change froid et \u00e9nigmatique, le doute s&rsquo;installe. Qui est-il v\u00e9ritablement ? Parall\u00e8lement, un adolescent lui livre des r\u00e9v\u00e9lations troublantes qui heurtent les apparences, \u00e9branlent ses certitudes et ravivent un pass\u00e9 terrifiant&#8230;<\/p>\n","protected":false},"excerpt":{"rendered":"<p>Mensonges, amour pass\u00e9, r\u00e9v\u00e9lations perturbantes : Kat, polici\u00e8re, confront\u00e9e \u00e0 un effroyable pass\u00e9.<\/p>\n","protected":false},"featured_media":13884,"comment_status":"open","ping_status":"closed","template":"","meta":{"inline_featured_image":false},"product_cat":[204,187],"product_tag":[],"class_list":{"0":"post-13880","1":"product","2":"type-product","3":"status-publish","4":"has-post-thumbnail","6":"product_cat-francais","7":"product_cat-thriller","8":"pa_auteurs-harlan-coben","10":"first","11":"instock","12":"shipping-taxable","13":"purchasable","14":"product-type-simple"},"_links":{"self":[{"href":"https:\/\/baralivres.ma\/index.php?rest_route=\/wp\/v2\/product\/13880","targetHints":{"allow":["GET"]}}],"collection":[{"href":"https:\/\/baralivres.ma\/index.php?rest_route=\/wp\/v2\/product"}],"about":[{"href":"https:\/\/baralivres.ma\/index.php?rest_route=\/wp\/v2\/types\/product"}],"replies":[{"embeddable":true,"href":"https:\/\/baralivres.ma\/index.php?rest_route=%2Fwp%2Fv2%2Fcomments&post=13880"}],"version-history":[{"count":2,"href":"https:\/\/baralivres.ma\/index.php?rest_route=\/wp\/v2\/product\/13880\/revisions"}],"predecessor-version":[{"id":13886,"href":"https:\/\/baralivres.ma\/index.php?rest_route=\/wp\/v2\/product\/13880\/revisions\/13886"}],"wp:featuredmedia":[{"embeddable":true,"href":"https:\/\/baralivres.ma\/index.php?rest_route=\/wp\/v2\/media\/13884"}],"wp:attachment":[{"href":"https:\/\/baralivres.ma\/index.php?rest_route=%2Fwp%2Fv2%2Fmedia&parent=13880"}],"wp:term":[{"taxonomy":"product_cat","embeddable":true,"href":"https:\/\/baralivres.ma\/index.php?rest_route=%2Fwp%2Fv2%2Fproduct_cat&post=13880"},{"taxonomy":"product_tag","embeddable":true,"href":"https:\/\/baralivres.ma\/index.php?rest_route=%2Fwp%2Fv2%2Fproduct_tag&post=13880"}],"curies":[{"name":"wp","href":"https:\/\/api.w.org\/{rel}","templated":true}]}}